{"id":683,"date":"2024-02-13T15:37:26","date_gmt":"2024-02-13T15:37:26","guid":{"rendered":"https:\/\/baroekn.myraidbox.de\/?page_id=683"},"modified":"2024-02-29T16:30:47","modified_gmt":"2024-02-29T16:30:47","slug":"ferienhaus","status":"publish","type":"page","link":"https:\/\/zum-pfeiffer.de\/en\/hotel\/ferienhaus\/","title":{"rendered":"Private Cottage"},"content":{"rendered":"<section class=\"l-section wpb_row us_custom_836f727b has_text_color height_medium with_img parallax_ver\"><div class=\"l-section-img\" role=\"img\" aria-label=\"image\" data-img-width=\"1920\" data-img-height=\"1280\" style=\"background-image: url(https:\/\/zum-pfeiffer.de\/wp-content\/uploads\/2024\/02\/STF_0291.jpg);background-repeat: no-repeat;\"><\/div><div class=\"l-section-overlay\" style=\"background:linear-gradient(180deg,rgba(0,0,0,0.2),rgba(0,0,0,0.90))\"><\/div><div class=\"l-section-h i-cf\"><div class=\"g-cols vc_row via_grid cols_1 laptops-cols_inherit tablets-cols_inherit mobiles-cols_1 valign_top type_default stacking_default\"><div class=\"wpb_column vc_column_container\"><div class=\"vc_column-inner\"><nav class=\"g-breadcrumbs us_custom_2a8899a7 has_text_color us_animate_this separator_icon align_none\" itemscope itemtype=\"http:\/\/schema.org\/BreadcrumbList\"><div class=\"g-breadcrumbs-item\">Pages<\/div><\/nav><div class=\"wpb_text_column us_custom_fffac436 has_text_color us_animate_this\"><div class=\"wpb_wrapper\"><h2>our <em>Private Cottage<\/em><\/h2>\n<\/div><\/div><\/div><\/div><\/div><\/div><\/section><section class=\"l-section wpb_row us_custom_84dd7221 hide_on_default hide_on_laptops hide_on_tablets height_medium\"><div class=\"l-section-h i-cf\"><div class=\"g-cols vc_row via_grid cols_1 laptops-cols_inherit tablets-cols_inherit mobiles-cols_1 valign_top type_default stacking_default\"><div class=\"wpb_column vc_column_container us_custom_60e9caca us_animate_this\"><div class=\"vc_column-inner\"><div class=\"w-gallery fit_cover type_metro_4 action_popup_image ratio_1x1 count_5\" style=\"--columns:4;--items-gap:10px;\"><div class=\"w-gallery-list\"><div class=\"w-gallery-item\"><div class=\"w-gallery-item-img\"><img loading=\"lazy\" decoding=\"async\" width=\"1024\" height=\"683\" src=\"https:\/\/zum-pfeiffer.de\/wp-content\/uploads\/2024\/02\/STF_0336-1024x683.jpg\" class=\"attachment-large size-large\" alt=\"\" srcset=\"https:\/\/zum-pfeiffer.de\/wp-content\/uploads\/2024\/02\/STF_0336-1024x683.jpg 1024w, https:\/\/zum-pfeiffer.de\/wp-content\/uploads\/2024\/02\/STF_0336-300x200.jpg 300w, https:\/\/zum-pfeiffer.de\/wp-content\/uploads\/2024\/02\/STF_0336-600x400.jpg 600w, https:\/\/zum-pfeiffer.de\/wp-content\/uploads\/2024\/02\/STF_0336-400x267.jpg 400w, https:\/\/zum-pfeiffer.de\/wp-content\/uploads\/2024\/02\/STF_0336.jpg 1920w\" sizes=\"auto, (max-width: 1024px) 100vw, 1024px\" \/><\/div><a class=\"w-gallery-item-link\" aria-label=\"STF_0336\" href=\"https:\/\/zum-pfeiffer.de\/wp-content\/uploads\/2024\/02\/STF_0336.jpg\"><\/a><\/div><div class=\"w-gallery-item\"><div class=\"w-gallery-item-img\"><img loading=\"lazy\" decoding=\"async\" width=\"1024\" height=\"683\" src=\"https:\/\/zum-pfeiffer.de\/wp-content\/uploads\/2024\/02\/STF_0331-1024x683.jpg\" class=\"attachment-large size-large\" alt=\"\" srcset=\"https:\/\/zum-pfeiffer.de\/wp-content\/uploads\/2024\/02\/STF_0331-1024x683.jpg 1024w, https:\/\/zum-pfeiffer.de\/wp-content\/uploads\/2024\/02\/STF_0331-300x200.jpg 300w, https:\/\/zum-pfeiffer.de\/wp-content\/uploads\/2024\/02\/STF_0331-600x400.jpg 600w, https:\/\/zum-pfeiffer.de\/wp-content\/uploads\/2024\/02\/STF_0331-400x267.jpg 400w, https:\/\/zum-pfeiffer.de\/wp-content\/uploads\/2024\/02\/STF_0331.jpg 1920w\" sizes=\"auto, (max-width: 1024px) 100vw, 1024px\" \/><\/div><a class=\"w-gallery-item-link\" aria-label=\"STF_0331\" href=\"https:\/\/zum-pfeiffer.de\/wp-content\/uploads\/2024\/02\/STF_0331.jpg\"><\/a><\/div><div class=\"w-gallery-item\"><div class=\"w-gallery-item-img\"><img loading=\"lazy\" decoding=\"async\" width=\"1024\" height=\"683\" src=\"https:\/\/zum-pfeiffer.de\/wp-content\/uploads\/2024\/02\/STF_0299-1024x683.jpg\" class=\"attachment-large size-large\" alt=\"\" srcset=\"https:\/\/zum-pfeiffer.de\/wp-content\/uploads\/2024\/02\/STF_0299-1024x683.jpg 1024w, https:\/\/zum-pfeiffer.de\/wp-content\/uploads\/2024\/02\/STF_0299-300x200.jpg 300w, https:\/\/zum-pfeiffer.de\/wp-content\/uploads\/2024\/02\/STF_0299-600x400.jpg 600w, https:\/\/zum-pfeiffer.de\/wp-content\/uploads\/2024\/02\/STF_0299-400x267.jpg 400w, https:\/\/zum-pfeiffer.de\/wp-content\/uploads\/2024\/02\/STF_0299.jpg 1920w\" sizes=\"auto, (max-width: 1024px) 100vw, 1024px\" \/><\/div><a class=\"w-gallery-item-link\" aria-label=\"STF_0299\" href=\"https:\/\/zum-pfeiffer.de\/wp-content\/uploads\/2024\/02\/STF_0299.jpg\"><\/a><\/div><div class=\"w-gallery-item\"><div class=\"w-gallery-item-img\"><img loading=\"lazy\" decoding=\"async\" width=\"1024\" height=\"683\" src=\"https:\/\/zum-pfeiffer.de\/wp-content\/uploads\/2024\/02\/STF_0296-1024x683.jpg\" class=\"attachment-large size-large\" alt=\"\" srcset=\"https:\/\/zum-pfeiffer.de\/wp-content\/uploads\/2024\/02\/STF_0296-1024x683.jpg 1024w, https:\/\/zum-pfeiffer.de\/wp-content\/uploads\/2024\/02\/STF_0296-300x200.jpg 300w, https:\/\/zum-pfeiffer.de\/wp-content\/uploads\/2024\/02\/STF_0296-600x400.jpg 600w, https:\/\/zum-pfeiffer.de\/wp-content\/uploads\/2024\/02\/STF_0296-400x267.jpg 400w, https:\/\/zum-pfeiffer.de\/wp-content\/uploads\/2024\/02\/STF_0296.jpg 1920w\" sizes=\"auto, (max-width: 1024px) 100vw, 1024px\" \/><\/div><a class=\"w-gallery-item-link\" aria-label=\"STF_0296\" href=\"https:\/\/zum-pfeiffer.de\/wp-content\/uploads\/2024\/02\/STF_0296.jpg\"><\/a><\/div><div class=\"w-gallery-item\"><div class=\"w-gallery-item-img\"><img loading=\"lazy\" decoding=\"async\" width=\"1024\" height=\"683\" src=\"https:\/\/zum-pfeiffer.de\/wp-content\/uploads\/2024\/02\/STF_0291-1024x683.jpg\" class=\"attachment-large size-large\" alt=\"\" srcset=\"https:\/\/zum-pfeiffer.de\/wp-content\/uploads\/2024\/02\/STF_0291-1024x683.jpg 1024w, https:\/\/zum-pfeiffer.de\/wp-content\/uploads\/2024\/02\/STF_0291-300x200.jpg 300w, https:\/\/zum-pfeiffer.de\/wp-content\/uploads\/2024\/02\/STF_0291-600x400.jpg 600w, https:\/\/zum-pfeiffer.de\/wp-content\/uploads\/2024\/02\/STF_0291-400x267.jpg 400w, https:\/\/zum-pfeiffer.de\/wp-content\/uploads\/2024\/02\/STF_0291.jpg 1920w\" sizes=\"auto, (max-width: 1024px) 100vw, 1024px\" \/><\/div><a class=\"w-gallery-item-link\" aria-label=\"STF_0291\" href=\"https:\/\/zum-pfeiffer.de\/wp-content\/uploads\/2024\/02\/STF_0291.jpg\"><\/a><\/div><\/div><\/div><\/div><\/div><\/div><\/div><\/section><section class=\"l-section wpb_row us_custom_497dd52d height_medium\"><div class=\"l-section-h i-cf\"><div class=\"g-cols vc_row via_grid cols_2 laptops-cols_inherit tablets-cols_inherit mobiles-cols_1 valign_middle type_default stacking_default\" style=\"--columns-gap:0rem;\"><div class=\"wpb_column vc_column_container us_custom_ebda694a\"><div class=\"vc_column-inner\"><div class=\"w-separator hide_on_mobiles size_medium\"><\/div><div class=\"wpb_text_column us_custom_58f9f64c us_animate_this\"><div class=\"wpb_wrapper\"><h3>Private Cottage Features<\/h3>\n<\/div><\/div><div class=\"w-separator size_small\"><\/div><div class=\"wpb_text_column us_custom_f53ceb32 us_animate_this\"><div class=\"wpb_wrapper\"><p>Our private cottage is designed as the perfect place for a relaxing and refreshing retreat, away from the stress of everyday life. The private terrace invites you to surround yourself in nature and enjoy the views completely undisturbed.<\/p>\n<p>The cottage includes a fully-equipped kitchen where you can prepare your favorite meals and gives you the freedom to structure your stay according to your individual wishes and needs. Should you however prefer to dine out, the hotel restaurant is closely accessible.<\/p>\n<p>Enjoy beautiful evenings surrounded by vineyards on your private terrace with a glass of regional wine and soak up the natural beauty of the Saxon hills.<\/p>\n<\/div><\/div><div class=\"w-separator size_medium\"><\/div><div class=\"w-btn-wrapper align_none\"><a class=\"w-btn us-btn-style_1 icon_atleft\" target=\"_blank\" href=\"https:\/\/www.booking.com\/hotel\/de\/zum-pfeiffer-radebeul.de.html\"><i class=\"fal fa-calendar\"><\/i><span class=\"w-btn-label\">Book private cottage<\/span><\/a><\/div><div class=\"wpb_text_column us_custom_e66d8155\"><div class=\"wpb_wrapper\"><p>via Booking.com<\/p>\n<\/div><\/div><div class=\"w-separator hide_on_default hide_on_laptops hide_on_tablets size_small\"><\/div><\/div><\/div><div class=\"wpb_column vc_column_container us_custom_4968f674 us_animate_this has_bg_color stretched\"><div class=\"vc_column-inner\"><div class=\"w-iconbox iconpos_left style_default color_primary align_left no_title\"><div class=\"w-iconbox-icon\" style=\"font-size:1.9rem;\"><i class=\"fal fa-arrows\"><\/i><\/div><div class=\"w-iconbox-meta\"><div class=\"w-iconbox-text\"><p>50 m\u00b2 of space for 2 people<\/p>\n<\/div><\/div><\/div><div class=\"w-separator size_small\"><\/div><div class=\"w-iconbox iconpos_left style_default color_primary align_left no_title\"><div class=\"w-iconbox-icon\" style=\"font-size:1.9rem;\"><i class=\"fal fa-bed\"><\/i><\/div><div class=\"w-iconbox-meta\"><div class=\"w-iconbox-text\"><p>queen-sized bed (180 x 200 cm)<\/p>\n<\/div><\/div><\/div><div class=\"w-separator size_small\"><\/div><div class=\"w-iconbox iconpos_left style_default color_primary align_left no_title\"><div class=\"w-iconbox-icon\" style=\"font-size:1.9rem;\"><i class=\"fal fa-oven\"><\/i><\/div><div class=\"w-iconbox-meta\"><div class=\"w-iconbox-text\"><p>private kitchen<\/p>\n<\/div><\/div><\/div><div class=\"w-separator size_small\"><\/div><div class=\"w-iconbox iconpos_left style_default color_primary align_left no_title\"><div class=\"w-iconbox-icon\" style=\"font-size:1.9rem;\"><i class=\"fal fa-sun\"><\/i><\/div><div class=\"w-iconbox-meta\"><div class=\"w-iconbox-text\"><p>private terrace<\/p>\n<\/div><\/div><\/div><div class=\"w-separator size_small\"><\/div><div class=\"w-iconbox iconpos_left style_default color_primary align_left no_title\"><div class=\"w-iconbox-icon\" style=\"font-size:1.9rem;\"><i class=\"fal fa-wind\"><\/i><\/div><div class=\"w-iconbox-meta\"><div class=\"w-iconbox-text\"><p>air conditioning<\/p>\n<\/div><\/div><\/div><div class=\"w-separator size_small\"><\/div><div class=\"w-iconbox iconpos_left style_default color_primary align_left no_title\"><div class=\"w-iconbox-icon\" style=\"font-size:1.9rem;\"><i class=\"fal fa-shower\"><\/i><\/div><div class=\"w-iconbox-meta\"><div class=\"w-iconbox-text\"><p>equipped bathroom with shower and toilet<\/p>\n<\/div><\/div><\/div><div class=\"w-separator size_small\"><\/div><div class=\"w-iconbox iconpos_left style_default color_primary align_left no_title\"><div class=\"w-iconbox-icon\" style=\"font-size:1.9rem;\"><i class=\"fal fa-air-conditioner\"><\/i><\/div><div class=\"w-iconbox-meta\"><div class=\"w-iconbox-text\"><p>hair dryer<\/p>\n<\/div><\/div><\/div><div class=\"w-separator size_small\"><\/div><div class=\"w-iconbox iconpos_left style_default color_primary align_left no_title\"><div class=\"w-iconbox-icon\" style=\"font-size:1.9rem;\"><i class=\"fal fa-tv\"><\/i><\/div><div class=\"w-iconbox-meta\"><div class=\"w-iconbox-text\"><p>TV<\/p>\n<\/div><\/div><\/div><div class=\"w-separator size_small\"><\/div><div class=\"w-iconbox iconpos_left style_default color_primary align_left no_title\"><div class=\"w-iconbox-icon\" style=\"font-size:1.9rem;\"><i class=\"fal fa-mountains\"><\/i><\/div><div class=\"w-iconbox-meta\"><div class=\"w-iconbox-text\"><p>panoramic views over Radebeul and Dresden valley<\/p>\n<\/div><\/div><\/div><\/div><\/div><\/div><\/div><\/section><section class=\"l-section wpb_row us_custom_84dd7221 hide_on_mobiles height_medium\"><div class=\"l-section-h i-cf\"><div class=\"g-cols vc_row via_grid cols_1 laptops-cols_inherit tablets-cols_inherit mobiles-cols_1 valign_top type_default stacking_default\"><div class=\"wpb_column vc_column_container us_custom_60e9caca us_animate_this\"><div class=\"vc_column-inner\"><div class=\"w-gallery fit_cover type_metro_4 action_popup_image ratio_1x1 count_6\" style=\"--columns:4;--items-gap:10px;\"><div class=\"w-gallery-list\"><div class=\"w-gallery-item\"><div class=\"w-gallery-item-img\"><img loading=\"lazy\" decoding=\"async\" width=\"1024\" height=\"683\" src=\"https:\/\/zum-pfeiffer.de\/wp-content\/uploads\/2024\/02\/STF_0336-B-1024x683.jpg\" class=\"attachment-large size-large\" alt=\"\" srcset=\"https:\/\/zum-pfeiffer.de\/wp-content\/uploads\/2024\/02\/STF_0336-B-1024x683.jpg 1024w, https:\/\/zum-pfeiffer.de\/wp-content\/uploads\/2024\/02\/STF_0336-B-300x200.jpg 300w, https:\/\/zum-pfeiffer.de\/wp-content\/uploads\/2024\/02\/STF_0336-B-600x400.jpg 600w, https:\/\/zum-pfeiffer.de\/wp-content\/uploads\/2024\/02\/STF_0336-B-400x267.jpg 400w, https:\/\/zum-pfeiffer.de\/wp-content\/uploads\/2024\/02\/STF_0336-B.jpg 1920w\" sizes=\"auto, (max-width: 1024px) 100vw, 1024px\" \/><\/div><a class=\"w-gallery-item-link\" aria-label=\"STF_0336-B\" href=\"https:\/\/zum-pfeiffer.de\/wp-content\/uploads\/2024\/02\/STF_0336-B.jpg\"><\/a><\/div><div class=\"w-gallery-item\"><div class=\"w-gallery-item-img\"><img loading=\"lazy\" decoding=\"async\" width=\"1024\" height=\"683\" src=\"https:\/\/zum-pfeiffer.de\/wp-content\/uploads\/2024\/02\/STF_0331-1024x683.jpg\" class=\"attachment-large size-large\" alt=\"\" srcset=\"https:\/\/zum-pfeiffer.de\/wp-content\/uploads\/2024\/02\/STF_0331-1024x683.jpg 1024w, https:\/\/zum-pfeiffer.de\/wp-content\/uploads\/2024\/02\/STF_0331-300x200.jpg 300w, https:\/\/zum-pfeiffer.de\/wp-content\/uploads\/2024\/02\/STF_0331-600x400.jpg 600w, https:\/\/zum-pfeiffer.de\/wp-content\/uploads\/2024\/02\/STF_0331-400x267.jpg 400w, https:\/\/zum-pfeiffer.de\/wp-content\/uploads\/2024\/02\/STF_0331.jpg 1920w\" sizes=\"auto, (max-width: 1024px) 100vw, 1024px\" \/><\/div><a class=\"w-gallery-item-link\" aria-label=\"STF_0331\" href=\"https:\/\/zum-pfeiffer.de\/wp-content\/uploads\/2024\/02\/STF_0331.jpg\"><\/a><\/div><div class=\"w-gallery-item\"><div class=\"w-gallery-item-img\"><img loading=\"lazy\" decoding=\"async\" width=\"1024\" height=\"683\" src=\"https:\/\/zum-pfeiffer.de\/wp-content\/uploads\/2024\/02\/STF_0299-1024x683.jpg\" class=\"attachment-large size-large\" alt=\"\" srcset=\"https:\/\/zum-pfeiffer.de\/wp-content\/uploads\/2024\/02\/STF_0299-1024x683.jpg 1024w, https:\/\/zum-pfeiffer.de\/wp-content\/uploads\/2024\/02\/STF_0299-300x200.jpg 300w, https:\/\/zum-pfeiffer.de\/wp-content\/uploads\/2024\/02\/STF_0299-600x400.jpg 600w, https:\/\/zum-pfeiffer.de\/wp-content\/uploads\/2024\/02\/STF_0299-400x267.jpg 400w, https:\/\/zum-pfeiffer.de\/wp-content\/uploads\/2024\/02\/STF_0299.jpg 1920w\" sizes=\"auto, (max-width: 1024px) 100vw, 1024px\" \/><\/div><a class=\"w-gallery-item-link\" aria-label=\"STF_0299\" href=\"https:\/\/zum-pfeiffer.de\/wp-content\/uploads\/2024\/02\/STF_0299.jpg\"><\/a><\/div><div class=\"w-gallery-item\"><div class=\"w-gallery-item-img\"><img loading=\"lazy\" decoding=\"async\" width=\"1024\" height=\"683\" src=\"https:\/\/zum-pfeiffer.de\/wp-content\/uploads\/2024\/02\/STF_0296-1024x683.jpg\" class=\"attachment-large size-large\" alt=\"\" srcset=\"https:\/\/zum-pfeiffer.de\/wp-content\/uploads\/2024\/02\/STF_0296-1024x683.jpg 1024w, https:\/\/zum-pfeiffer.de\/wp-content\/uploads\/2024\/02\/STF_0296-300x200.jpg 300w, https:\/\/zum-pfeiffer.de\/wp-content\/uploads\/2024\/02\/STF_0296-600x400.jpg 600w, https:\/\/zum-pfeiffer.de\/wp-content\/uploads\/2024\/02\/STF_0296-400x267.jpg 400w, https:\/\/zum-pfeiffer.de\/wp-content\/uploads\/2024\/02\/STF_0296.jpg 1920w\" sizes=\"auto, (max-width: 1024px) 100vw, 1024px\" \/><\/div><a class=\"w-gallery-item-link\" aria-label=\"STF_0296\" href=\"https:\/\/zum-pfeiffer.de\/wp-content\/uploads\/2024\/02\/STF_0296.jpg\"><\/a><\/div><div class=\"w-gallery-item\"><div class=\"w-gallery-item-img\"><img loading=\"lazy\" decoding=\"async\" width=\"1024\" height=\"683\" src=\"https:\/\/zum-pfeiffer.de\/wp-content\/uploads\/2024\/02\/STF_0291-1024x683.jpg\" class=\"attachment-large size-large\" alt=\"\" srcset=\"https:\/\/zum-pfeiffer.de\/wp-content\/uploads\/2024\/02\/STF_0291-1024x683.jpg 1024w, https:\/\/zum-pfeiffer.de\/wp-content\/uploads\/2024\/02\/STF_0291-300x200.jpg 300w, https:\/\/zum-pfeiffer.de\/wp-content\/uploads\/2024\/02\/STF_0291-600x400.jpg 600w, https:\/\/zum-pfeiffer.de\/wp-content\/uploads\/2024\/02\/STF_0291-400x267.jpg 400w, https:\/\/zum-pfeiffer.de\/wp-content\/uploads\/2024\/02\/STF_0291.jpg 1920w\" sizes=\"auto, (max-width: 1024px) 100vw, 1024px\" \/><\/div><a class=\"w-gallery-item-link\" aria-label=\"STF_0291\" href=\"https:\/\/zum-pfeiffer.de\/wp-content\/uploads\/2024\/02\/STF_0291.jpg\"><\/a><\/div><div class=\"w-gallery-item\"><div class=\"w-gallery-item-img\"><img loading=\"lazy\" decoding=\"async\" width=\"1024\" height=\"683\" src=\"https:\/\/zum-pfeiffer.de\/wp-content\/uploads\/2024\/02\/STF_0290-1024x683.jpg\" class=\"attachment-large size-large\" alt=\"\" srcset=\"https:\/\/zum-pfeiffer.de\/wp-content\/uploads\/2024\/02\/STF_0290-1024x683.jpg 1024w, https:\/\/zum-pfeiffer.de\/wp-content\/uploads\/2024\/02\/STF_0290-300x200.jpg 300w, https:\/\/zum-pfeiffer.de\/wp-content\/uploads\/2024\/02\/STF_0290-600x400.jpg 600w, https:\/\/zum-pfeiffer.de\/wp-content\/uploads\/2024\/02\/STF_0290-400x267.jpg 400w, https:\/\/zum-pfeiffer.de\/wp-content\/uploads\/2024\/02\/STF_0290.jpg 1920w\" sizes=\"auto, (max-width: 1024px) 100vw, 1024px\" \/><\/div><a class=\"w-gallery-item-link\" aria-label=\"STF_0290\" href=\"https:\/\/zum-pfeiffer.de\/wp-content\/uploads\/2024\/02\/STF_0290.jpg\"><\/a><\/div><\/div><\/div><\/div><\/div><\/div><\/div><\/section>","protected":false},"excerpt":{"rendered":"PagesUnser Ferienhaus Ausstattung des Ferienhauses Unser Ferienhaus bietet Ihnen den perfekten R\u00fcckzugsort f\u00fcr einen erholsamen und unvergesslichen Aufenthalt. Mit einer privaten Terrasse k\u00f6nnen Sie die Sch\u00f6nheit der Natur in vollen Z\u00fcgen genie\u00dfen. Das Ferienhaus verf\u00fcgt \u00fcber eine komplett ausgestattete K\u00fcche, in der Sie Ihre Lieblingsgerichte zubereiten k\u00f6nnen, und bietet Ihnen somit die Freiheit, Ihren Aufenthalt...","protected":false},"author":1,"featured_media":0,"parent":483,"menu_order":0,"comment_status":"closed","ping_status":"closed","template":"","meta":{"_acf_changed":false,"footnotes":"","_links_to":"","_links_to_target":""},"class_list":["post-683","page","type-page","status-publish","hentry"],"acf":[],"yoast_head":"<!-- This site is optimized with the Yoast SEO plugin v26.4 - https:\/\/yoast.com\/wordpress\/plugins\/seo\/ -->\n<title>Ferienhaus &#8211; Zum Pfeiffer<\/title>\n<meta name=\"description\" content=\"Unser Ferienhaus bietet Ihnen den perfekten R\u00fcckzugsort f\u00fcr einen erholsamen und unvergesslichen Aufenthalt. Mit einer privaten Terrasse k\u00f6nnen Sie die Sch\u00f6nheit der Natur in vollen Z\u00fcgen genie\u00dfen.\" \/>\n<meta name=\"robots\" content=\"index, follow, max-snippet:-1, max-image-preview:large, max-video-preview:-1\" \/>\n<link rel=\"canonical\" href=\"https:\/\/zum-pfeiffer.de\/en\/hotel\/ferienhaus\/\" \/>\n<meta property=\"og:locale\" content=\"en_US\" \/>\n<meta property=\"og:type\" content=\"article\" \/>\n<meta property=\"og:title\" content=\"Ferienhaus &#8211; Zum Pfeiffer\" \/>\n<meta property=\"og:description\" content=\"Unser Ferienhaus bietet Ihnen den perfekten R\u00fcckzugsort f\u00fcr einen erholsamen und unvergesslichen Aufenthalt. Mit einer privaten Terrasse k\u00f6nnen Sie die Sch\u00f6nheit der Natur in vollen Z\u00fcgen genie\u00dfen.\" \/>\n<meta property=\"og:url\" content=\"https:\/\/zum-pfeiffer.de\/en\/hotel\/ferienhaus\/\" \/>\n<meta property=\"og:site_name\" content=\"Zum Pfeiffer\" \/>\n<meta property=\"article:modified_time\" content=\"2024-02-29T16:30:47+00:00\" \/>\n<meta property=\"og:image\" content=\"https:\/\/zum-pfeiffer.de\/wp-content\/uploads\/2024\/02\/Logo-gross-e1707832253617.png\" \/>\n\t<meta property=\"og:image:width\" content=\"979\" \/>\n\t<meta property=\"og:image:height\" content=\"553\" \/>\n\t<meta property=\"og:image:type\" content=\"image\/png\" \/>\n<meta name=\"twitter:card\" content=\"summary_large_image\" \/>\n<meta name=\"twitter:label1\" content=\"Est. reading time\" \/>\n\t<meta name=\"twitter:data1\" content=\"2 minutes\" \/>\n<script type=\"application\/ld+json\" class=\"yoast-schema-graph\">{\"@context\":\"https:\/\/schema.org\",\"@graph\":[{\"@type\":\"WebPage\",\"@id\":\"https:\/\/zum-pfeiffer.de\/hotel\/ferienhaus\/\",\"url\":\"https:\/\/zum-pfeiffer.de\/hotel\/ferienhaus\/\",\"name\":\"Ferienhaus &#8211; Zum Pfeiffer\",\"isPartOf\":{\"@id\":\"https:\/\/zum-pfeiffer.de\/#website\"},\"datePublished\":\"2024-02-13T15:37:26+00:00\",\"dateModified\":\"2024-02-29T16:30:47+00:00\",\"description\":\"Unser Ferienhaus bietet Ihnen den perfekten R\u00fcckzugsort f\u00fcr einen erholsamen und unvergesslichen Aufenthalt. Mit einer privaten Terrasse k\u00f6nnen Sie die Sch\u00f6nheit der Natur in vollen Z\u00fcgen genie\u00dfen.\",\"breadcrumb\":{\"@id\":\"https:\/\/zum-pfeiffer.de\/hotel\/ferienhaus\/#breadcrumb\"},\"inLanguage\":\"en-US\",\"potentialAction\":[{\"@type\":\"ReadAction\",\"target\":[\"https:\/\/zum-pfeiffer.de\/hotel\/ferienhaus\/\"]}]},{\"@type\":\"BreadcrumbList\",\"@id\":\"https:\/\/zum-pfeiffer.de\/hotel\/ferienhaus\/#breadcrumb\",\"itemListElement\":[{\"@type\":\"ListItem\",\"position\":1,\"name\":\"Startseite\",\"item\":\"https:\/\/zum-pfeiffer.de\/\"},{\"@type\":\"ListItem\",\"position\":2,\"name\":\"Hotel\",\"item\":\"https:\/\/zum-pfeiffer.de\/hotel\/\"},{\"@type\":\"ListItem\",\"position\":3,\"name\":\"Ferienhaus\"}]},{\"@type\":\"WebSite\",\"@id\":\"https:\/\/zum-pfeiffer.de\/#website\",\"url\":\"https:\/\/zum-pfeiffer.de\/\",\"name\":\"Hotel & Restaurant Zum Pfeiffer\",\"description\":\"HOTEL &amp; RESTAURANT\",\"potentialAction\":[{\"@type\":\"SearchAction\",\"target\":{\"@type\":\"EntryPoint\",\"urlTemplate\":\"https:\/\/zum-pfeiffer.de\/?s={search_term_string}\"},\"query-input\":{\"@type\":\"PropertyValueSpecification\",\"valueRequired\":true,\"valueName\":\"search_term_string\"}}],\"inLanguage\":\"en-US\"}]}<\/script>\n<!-- \/ Yoast SEO plugin. -->","yoast_head_json":{"title":"Ferienhaus &#8211; Zum Pfeiffer","description":"Our private cottage is designed as the perfect place for a relaxing and refreshing retreat, away from the stress of everyday life. The private terrace invites you to surround yourself in nature and enjoy the views completely undisturbed.","robots":{"index":"index","follow":"follow","max-snippet":"max-snippet:-1","max-image-preview":"max-image-preview:large","max-video-preview":"max-video-preview:-1"},"canonical":"https:\/\/zum-pfeiffer.de\/en\/hotel\/ferienhaus\/","og_locale":"en_US","og_type":"article","og_title":"Ferienhaus &#8211; Zum Pfeiffer","og_description":"Unser Ferienhaus bietet Ihnen den perfekten R\u00fcckzugsort f\u00fcr einen erholsamen und unvergesslichen Aufenthalt. Mit einer privaten Terrasse k\u00f6nnen Sie die Sch\u00f6nheit der Natur in vollen Z\u00fcgen genie\u00dfen.","og_url":"https:\/\/zum-pfeiffer.de\/en\/hotel\/ferienhaus\/","og_site_name":"Zum Pfeiffer","article_modified_time":"2024-02-29T16:30:47+00:00","og_image":[{"width":979,"height":553,"url":"https:\/\/zum-pfeiffer.de\/wp-content\/uploads\/2024\/02\/Logo-gross-e1707832253617.png","type":"image\/png"}],"twitter_card":"summary_large_image","twitter_misc":{"Est. reading time":"2 minutes"},"schema":{"@context":"https:\/\/schema.org","@graph":[{"@type":"WebPage","@id":"https:\/\/zum-pfeiffer.de\/hotel\/ferienhaus\/","url":"https:\/\/zum-pfeiffer.de\/hotel\/ferienhaus\/","name":"Ferienhaus &#8211; Zum Pfeiffer","isPartOf":{"@id":"https:\/\/zum-pfeiffer.de\/#website"},"datePublished":"2024-02-13T15:37:26+00:00","dateModified":"2024-02-29T16:30:47+00:00","description":"Our private cottage is designed as the perfect place for a relaxing and refreshing retreat, away from the stress of everyday life. The private terrace invites you to surround yourself in nature and enjoy the views completely undisturbed.","breadcrumb":{"@id":"https:\/\/zum-pfeiffer.de\/hotel\/ferienhaus\/#breadcrumb"},"inLanguage":"en-US","potentialAction":[{"@type":"ReadAction","target":["https:\/\/zum-pfeiffer.de\/hotel\/ferienhaus\/"]}]},{"@type":"BreadcrumbList","@id":"https:\/\/zum-pfeiffer.de\/hotel\/ferienhaus\/#breadcrumb","itemListElement":[{"@type":"ListItem","position":1,"name":"Startseite","item":"https:\/\/zum-pfeiffer.de\/"},{"@type":"ListItem","position":2,"name":"Hotel","item":"https:\/\/zum-pfeiffer.de\/hotel\/"},{"@type":"ListItem","position":3,"name":"Ferienhaus"}]},{"@type":"WebSite","@id":"https:\/\/zum-pfeiffer.de\/#website","url":"https:\/\/zum-pfeiffer.de\/","name":"Hotel &amp; Restaurant Zum Pfeiffer","description":"HOTEL &amp; RESTAURANT","potentialAction":[{"@type":"SearchAction","target":{"@type":"EntryPoint","urlTemplate":"https:\/\/zum-pfeiffer.de\/?s={search_term_string}"},"query-input":{"@type":"PropertyValueSpecification","valueRequired":true,"valueName":"search_term_string"}}],"inLanguage":"en-US"}]}},"_links":{"self":[{"href":"https:\/\/zum-pfeiffer.de\/en\/wp-json\/wp\/v2\/pages\/683","targetHints":{"allow":["GET"]}}],"collection":[{"href":"https:\/\/zum-pfeiffer.de\/en\/wp-json\/wp\/v2\/pages"}],"about":[{"href":"https:\/\/zum-pfeiffer.de\/en\/wp-json\/wp\/v2\/types\/page"}],"author":[{"embeddable":true,"href":"https:\/\/zum-pfeiffer.de\/en\/wp-json\/wp\/v2\/users\/1"}],"replies":[{"embeddable":true,"href":"https:\/\/zum-pfeiffer.de\/en\/wp-json\/wp\/v2\/comments?post=683"}],"version-history":[{"count":7,"href":"https:\/\/zum-pfeiffer.de\/en\/wp-json\/wp\/v2\/pages\/683\/revisions"}],"predecessor-version":[{"id":846,"href":"https:\/\/zum-pfeiffer.de\/en\/wp-json\/wp\/v2\/pages\/683\/revisions\/846"}],"up":[{"embeddable":true,"href":"https:\/\/zum-pfeiffer.de\/en\/wp-json\/wp\/v2\/pages\/483"}],"wp:attachment":[{"href":"https:\/\/zum-pfeiffer.de\/en\/wp-json\/wp\/v2\/media?parent=683"}],"curies":[{"name":"wp","href":"https:\/\/api.w.org\/{rel}","templated":true}]}}