{"id":660,"date":"2024-02-13T14:53:51","date_gmt":"2024-02-13T14:53:51","guid":{"rendered":"https:\/\/baroekn.myraidbox.de\/?page_id=660"},"modified":"2025-07-30T14:31:26","modified_gmt":"2025-07-30T14:31:26","slug":"einzelzimmer","status":"publish","type":"page","link":"https:\/\/zum-pfeiffer.de\/en\/hotel\/einzelzimmer\/","title":{"rendered":"Single Suite"},"content":{"rendered":"<section class=\"l-section wpb_row us_custom_836f727b has_text_color height_medium with_img parallax_ver\"><div class=\"l-section-img\" role=\"img\" aria-label=\"image\" data-img-width=\"1920\" data-img-height=\"1280\" style=\"background-image: url(https:\/\/zum-pfeiffer.de\/wp-content\/uploads\/2024\/02\/STF_0147.jpg);background-repeat: no-repeat;\"><\/div><div class=\"l-section-overlay\" style=\"background:linear-gradient(180deg,rgba(0,0,0,0.2),rgba(0,0,0,0.90))\"><\/div><div class=\"l-section-h i-cf\"><div class=\"g-cols vc_row via_grid cols_1 laptops-cols_inherit tablets-cols_inherit mobiles-cols_1 valign_top type_default stacking_default\"><div class=\"wpb_column vc_column_container\"><div class=\"vc_column-inner\"><nav class=\"g-breadcrumbs us_custom_2a8899a7 has_text_color us_animate_this separator_icon align_none\" itemscope itemtype=\"http:\/\/schema.org\/BreadcrumbList\"><div class=\"g-breadcrumbs-item\">Pages<\/div><\/nav><div class=\"wpb_text_column us_custom_fffac436 has_text_color us_animate_this\"><div class=\"wpb_wrapper\"><h2>Our single suites at <em>Pfeiffer<\/em><\/h2>\n<\/div><\/div><\/div><\/div><\/div><\/div><\/section><section class=\"l-section wpb_row us_custom_84dd7221 hide_on_default hide_on_laptops hide_on_tablets height_medium\"><div class=\"l-section-h i-cf\"><div class=\"g-cols vc_row via_grid cols_1 laptops-cols_inherit tablets-cols_inherit mobiles-cols_1 valign_top type_default stacking_default\"><div class=\"wpb_column vc_column_container us_custom_60e9caca us_animate_this\"><div class=\"vc_column-inner\"><div class=\"w-gallery fit_cover type_metro_4 action_popup_image ratio_1x1 count_5\" style=\"--columns:4;--items-gap:10px;\"><div class=\"w-gallery-list\"><div class=\"w-gallery-item\"><div class=\"w-gallery-item-img\"><img loading=\"lazy\" decoding=\"async\" width=\"1024\" height=\"683\" src=\"https:\/\/zum-pfeiffer.de\/wp-content\/uploads\/2024\/02\/STF_0124-1024x683.jpg\" class=\"attachment-large size-large\" alt=\"\" srcset=\"https:\/\/zum-pfeiffer.de\/wp-content\/uploads\/2024\/02\/STF_0124-1024x683.jpg 1024w, https:\/\/zum-pfeiffer.de\/wp-content\/uploads\/2024\/02\/STF_0124-300x200.jpg 300w, https:\/\/zum-pfeiffer.de\/wp-content\/uploads\/2024\/02\/STF_0124-600x400.jpg 600w, https:\/\/zum-pfeiffer.de\/wp-content\/uploads\/2024\/02\/STF_0124-400x267.jpg 400w, https:\/\/zum-pfeiffer.de\/wp-content\/uploads\/2024\/02\/STF_0124.jpg 1920w\" sizes=\"auto, (max-width: 1024px) 100vw, 1024px\" \/><\/div><a class=\"w-gallery-item-link\" aria-label=\"STF_0124\" href=\"https:\/\/zum-pfeiffer.de\/wp-content\/uploads\/2024\/02\/STF_0124.jpg\"><\/a><\/div><div class=\"w-gallery-item\"><div class=\"w-gallery-item-img\"><img loading=\"lazy\" decoding=\"async\" width=\"1024\" height=\"683\" src=\"https:\/\/zum-pfeiffer.de\/wp-content\/uploads\/2024\/02\/STF_0128-1024x683.jpg\" class=\"attachment-large size-large\" alt=\"\" srcset=\"https:\/\/zum-pfeiffer.de\/wp-content\/uploads\/2024\/02\/STF_0128-1024x683.jpg 1024w, https:\/\/zum-pfeiffer.de\/wp-content\/uploads\/2024\/02\/STF_0128-300x200.jpg 300w, https:\/\/zum-pfeiffer.de\/wp-content\/uploads\/2024\/02\/STF_0128-600x400.jpg 600w, https:\/\/zum-pfeiffer.de\/wp-content\/uploads\/2024\/02\/STF_0128-400x267.jpg 400w, https:\/\/zum-pfeiffer.de\/wp-content\/uploads\/2024\/02\/STF_0128.jpg 1920w\" sizes=\"auto, (max-width: 1024px) 100vw, 1024px\" \/><\/div><a class=\"w-gallery-item-link\" aria-label=\"STF_0128\" href=\"https:\/\/zum-pfeiffer.de\/wp-content\/uploads\/2024\/02\/STF_0128.jpg\"><\/a><\/div><div class=\"w-gallery-item\"><div class=\"w-gallery-item-img\"><img loading=\"lazy\" decoding=\"async\" width=\"1024\" height=\"683\" src=\"https:\/\/zum-pfeiffer.de\/wp-content\/uploads\/2024\/02\/STF_0133-1024x683.jpg\" class=\"attachment-large size-large\" alt=\"\" srcset=\"https:\/\/zum-pfeiffer.de\/wp-content\/uploads\/2024\/02\/STF_0133-1024x683.jpg 1024w, https:\/\/zum-pfeiffer.de\/wp-content\/uploads\/2024\/02\/STF_0133-300x200.jpg 300w, https:\/\/zum-pfeiffer.de\/wp-content\/uploads\/2024\/02\/STF_0133-600x400.jpg 600w, https:\/\/zum-pfeiffer.de\/wp-content\/uploads\/2024\/02\/STF_0133-400x267.jpg 400w, https:\/\/zum-pfeiffer.de\/wp-content\/uploads\/2024\/02\/STF_0133.jpg 1920w\" sizes=\"auto, (max-width: 1024px) 100vw, 1024px\" \/><\/div><a class=\"w-gallery-item-link\" aria-label=\"STF_0133\" href=\"https:\/\/zum-pfeiffer.de\/wp-content\/uploads\/2024\/02\/STF_0133.jpg\"><\/a><\/div><div class=\"w-gallery-item\"><div class=\"w-gallery-item-img\"><img loading=\"lazy\" decoding=\"async\" width=\"1024\" height=\"683\" src=\"https:\/\/zum-pfeiffer.de\/wp-content\/uploads\/2024\/02\/STF_0180-1024x683.jpg\" class=\"attachment-large size-large\" alt=\"\" srcset=\"https:\/\/zum-pfeiffer.de\/wp-content\/uploads\/2024\/02\/STF_0180-1024x683.jpg 1024w, https:\/\/zum-pfeiffer.de\/wp-content\/uploads\/2024\/02\/STF_0180-300x200.jpg 300w, https:\/\/zum-pfeiffer.de\/wp-content\/uploads\/2024\/02\/STF_0180-600x400.jpg 600w, https:\/\/zum-pfeiffer.de\/wp-content\/uploads\/2024\/02\/STF_0180-400x267.jpg 400w, https:\/\/zum-pfeiffer.de\/wp-content\/uploads\/2024\/02\/STF_0180.jpg 1920w\" sizes=\"auto, (max-width: 1024px) 100vw, 1024px\" \/><\/div><a class=\"w-gallery-item-link\" aria-label=\"STF_0180\" href=\"https:\/\/zum-pfeiffer.de\/wp-content\/uploads\/2024\/02\/STF_0180.jpg\"><\/a><\/div><div class=\"w-gallery-item\"><div class=\"w-gallery-item-img\"><img loading=\"lazy\" decoding=\"async\" width=\"1024\" height=\"683\" src=\"https:\/\/zum-pfeiffer.de\/wp-content\/uploads\/2024\/02\/STF_0185-1024x683.jpg\" class=\"attachment-large size-large\" alt=\"\" srcset=\"https:\/\/zum-pfeiffer.de\/wp-content\/uploads\/2024\/02\/STF_0185-1024x683.jpg 1024w, https:\/\/zum-pfeiffer.de\/wp-content\/uploads\/2024\/02\/STF_0185-300x200.jpg 300w, https:\/\/zum-pfeiffer.de\/wp-content\/uploads\/2024\/02\/STF_0185-600x400.jpg 600w, https:\/\/zum-pfeiffer.de\/wp-content\/uploads\/2024\/02\/STF_0185-400x267.jpg 400w, https:\/\/zum-pfeiffer.de\/wp-content\/uploads\/2024\/02\/STF_0185.jpg 1920w\" sizes=\"auto, (max-width: 1024px) 100vw, 1024px\" \/><\/div><a class=\"w-gallery-item-link\" aria-label=\"STF_0185\" href=\"https:\/\/zum-pfeiffer.de\/wp-content\/uploads\/2024\/02\/STF_0185.jpg\"><\/a><\/div><\/div><\/div><\/div><\/div><\/div><\/div><\/section><section class=\"l-section wpb_row us_custom_497dd52d height_medium\"><div class=\"l-section-h i-cf\"><div class=\"g-cols vc_row via_grid cols_2 laptops-cols_inherit tablets-cols_inherit mobiles-cols_1 valign_middle type_default stacking_default\" style=\"--columns-gap:0rem;\"><div class=\"wpb_column vc_column_container us_custom_ebda694a\"><div class=\"vc_column-inner\"><div class=\"w-separator hide_on_mobiles size_medium\"><\/div><div class=\"wpb_text_column us_custom_58f9f64c us_animate_this\"><div class=\"wpb_wrapper\"><h3>Single Suite Features<\/h3>\n<\/div><\/div><div class=\"w-separator size_small\"><\/div><div class=\"wpb_text_column us_custom_f53ceb32 us_animate_this\"><div class=\"wpb_wrapper\"><p>Our single suite is a true oasis of relaxation and comfort, made specifically for sophisticated solo-travelers looking for the highest level of comfort and privacy.<\/p>\n<p>Our single room offers an elegant ambiance with a comfortable single bed. You will have access to complimentary drinks and a private bathroom equipped with modern amenities to make your stay as pleasant as possible.<\/p>\n<\/div><\/div><div class=\"w-separator size_medium\"><\/div><div class=\"w-btn-wrapper align_none\"><a class=\"w-btn us-btn-style_1 icon_atleft\" target=\"_blank\" href=\"https:\/\/www.booking.com\/hotel\/de\/zum-pfeiffer-radebeul.de.html\"><i class=\"fal fa-calendar\"><\/i><span class=\"w-btn-label\">Book a single suite<\/span><\/a><\/div><div class=\"wpb_text_column us_custom_e66d8155\"><div class=\"wpb_wrapper\"><p>via Booking.com<\/p>\n<\/div><\/div><div class=\"w-separator hide_on_default hide_on_laptops hide_on_tablets size_small\"><\/div><\/div><\/div><div class=\"wpb_column vc_column_container us_custom_4968f674 us_animate_this has_bg_color stretched\"><div class=\"vc_column-inner\"><div class=\"w-iconbox iconpos_left style_default color_primary align_left no_title\"><div class=\"w-iconbox-icon\" style=\"font-size:1.9rem;\"><i class=\"fal fa-arrows\"><\/i><\/div><div class=\"w-iconbox-meta\"><div class=\"w-iconbox-text\"><p>9 m\u00b2 of space for 1 person<\/p>\n<\/div><\/div><\/div><div class=\"w-separator size_small\"><\/div><div class=\"w-iconbox iconpos_left style_default color_primary align_left no_title\"><div class=\"w-iconbox-icon\" style=\"font-size:1.9rem;\"><i class=\"fal fa-bed\"><\/i><\/div><div class=\"w-iconbox-meta\"><div class=\"w-iconbox-text\"><p>single bed (90 x 200cm)<\/p>\n<\/div><\/div><\/div><div class=\"w-separator size_small\"><\/div><div class=\"w-iconbox iconpos_left style_default color_primary align_left no_title\"><div class=\"w-iconbox-icon\" style=\"font-size:1.9rem;\"><i class=\"fal fa-shower\"><\/i><\/div><div class=\"w-iconbox-meta\"><div class=\"w-iconbox-text\"><p>equipped bathroom with shower and toilet<\/p>\n<\/div><\/div><\/div><div class=\"w-separator size_small\"><\/div><div class=\"w-iconbox iconpos_left style_default color_primary align_left no_title\"><div class=\"w-iconbox-icon\" style=\"font-size:1.9rem;\"><i class=\"fal fa-air-conditioner\"><\/i><\/div><div class=\"w-iconbox-meta\"><div class=\"w-iconbox-text\"><p>hair dryer<\/p>\n<\/div><\/div><\/div><div class=\"w-separator size_small\"><\/div><div class=\"w-iconbox iconpos_left style_default color_primary align_left no_title\"><div class=\"w-iconbox-icon\" style=\"font-size:1.9rem;\"><i class=\"fal fa-tv\"><\/i><\/div><div class=\"w-iconbox-meta\"><div class=\"w-iconbox-text\"><p>TV<\/p>\n<\/div><\/div><\/div><\/div><\/div><\/div><\/div><\/section><section class=\"l-section wpb_row us_custom_84dd7221 hide_on_mobiles height_medium\"><div class=\"l-section-h i-cf\"><div class=\"g-cols vc_row via_grid cols_1 laptops-cols_inherit tablets-cols_inherit mobiles-cols_1 valign_top type_default stacking_default\"><div class=\"wpb_column vc_column_container us_custom_60e9caca us_animate_this\"><div class=\"vc_column-inner\"><div class=\"w-gallery fit_cover type_metro_4 action_popup_image ratio_1x1 count_5\" style=\"--columns:4;--items-gap:10px;\"><div class=\"w-gallery-list\"><div class=\"w-gallery-item\"><div class=\"w-gallery-item-img\"><img loading=\"lazy\" decoding=\"async\" width=\"1024\" height=\"683\" src=\"https:\/\/zum-pfeiffer.de\/wp-content\/uploads\/2024\/02\/STF_0124-1024x683.jpg\" class=\"attachment-large size-large\" alt=\"\" srcset=\"https:\/\/zum-pfeiffer.de\/wp-content\/uploads\/2024\/02\/STF_0124-1024x683.jpg 1024w, https:\/\/zum-pfeiffer.de\/wp-content\/uploads\/2024\/02\/STF_0124-300x200.jpg 300w, https:\/\/zum-pfeiffer.de\/wp-content\/uploads\/2024\/02\/STF_0124-600x400.jpg 600w, https:\/\/zum-pfeiffer.de\/wp-content\/uploads\/2024\/02\/STF_0124-400x267.jpg 400w, https:\/\/zum-pfeiffer.de\/wp-content\/uploads\/2024\/02\/STF_0124.jpg 1920w\" sizes=\"auto, (max-width: 1024px) 100vw, 1024px\" \/><\/div><a class=\"w-gallery-item-link\" aria-label=\"STF_0124\" href=\"https:\/\/zum-pfeiffer.de\/wp-content\/uploads\/2024\/02\/STF_0124.jpg\"><\/a><\/div><div class=\"w-gallery-item\"><div class=\"w-gallery-item-img\"><img loading=\"lazy\" decoding=\"async\" width=\"1024\" height=\"683\" src=\"https:\/\/zum-pfeiffer.de\/wp-content\/uploads\/2024\/02\/STF_0128-1024x683.jpg\" class=\"attachment-large size-large\" alt=\"\" srcset=\"https:\/\/zum-pfeiffer.de\/wp-content\/uploads\/2024\/02\/STF_0128-1024x683.jpg 1024w, https:\/\/zum-pfeiffer.de\/wp-content\/uploads\/2024\/02\/STF_0128-300x200.jpg 300w, https:\/\/zum-pfeiffer.de\/wp-content\/uploads\/2024\/02\/STF_0128-600x400.jpg 600w, https:\/\/zum-pfeiffer.de\/wp-content\/uploads\/2024\/02\/STF_0128-400x267.jpg 400w, https:\/\/zum-pfeiffer.de\/wp-content\/uploads\/2024\/02\/STF_0128.jpg 1920w\" sizes=\"auto, (max-width: 1024px) 100vw, 1024px\" \/><\/div><a class=\"w-gallery-item-link\" aria-label=\"STF_0128\" href=\"https:\/\/zum-pfeiffer.de\/wp-content\/uploads\/2024\/02\/STF_0128.jpg\"><\/a><\/div><div class=\"w-gallery-item\"><div class=\"w-gallery-item-img\"><img loading=\"lazy\" decoding=\"async\" width=\"1024\" height=\"683\" src=\"https:\/\/zum-pfeiffer.de\/wp-content\/uploads\/2024\/02\/STF_0133-1024x683.jpg\" class=\"attachment-large size-large\" alt=\"\" srcset=\"https:\/\/zum-pfeiffer.de\/wp-content\/uploads\/2024\/02\/STF_0133-1024x683.jpg 1024w, https:\/\/zum-pfeiffer.de\/wp-content\/uploads\/2024\/02\/STF_0133-300x200.jpg 300w, https:\/\/zum-pfeiffer.de\/wp-content\/uploads\/2024\/02\/STF_0133-600x400.jpg 600w, https:\/\/zum-pfeiffer.de\/wp-content\/uploads\/2024\/02\/STF_0133-400x267.jpg 400w, https:\/\/zum-pfeiffer.de\/wp-content\/uploads\/2024\/02\/STF_0133.jpg 1920w\" sizes=\"auto, (max-width: 1024px) 100vw, 1024px\" \/><\/div><a class=\"w-gallery-item-link\" aria-label=\"STF_0133\" href=\"https:\/\/zum-pfeiffer.de\/wp-content\/uploads\/2024\/02\/STF_0133.jpg\"><\/a><\/div><div class=\"w-gallery-item\"><div class=\"w-gallery-item-img\"><img loading=\"lazy\" decoding=\"async\" width=\"1024\" height=\"683\" src=\"https:\/\/zum-pfeiffer.de\/wp-content\/uploads\/2024\/02\/STF_0180-1024x683.jpg\" class=\"attachment-large size-large\" alt=\"\" srcset=\"https:\/\/zum-pfeiffer.de\/wp-content\/uploads\/2024\/02\/STF_0180-1024x683.jpg 1024w, https:\/\/zum-pfeiffer.de\/wp-content\/uploads\/2024\/02\/STF_0180-300x200.jpg 300w, https:\/\/zum-pfeiffer.de\/wp-content\/uploads\/2024\/02\/STF_0180-600x400.jpg 600w, https:\/\/zum-pfeiffer.de\/wp-content\/uploads\/2024\/02\/STF_0180-400x267.jpg 400w, https:\/\/zum-pfeiffer.de\/wp-content\/uploads\/2024\/02\/STF_0180.jpg 1920w\" sizes=\"auto, (max-width: 1024px) 100vw, 1024px\" \/><\/div><a class=\"w-gallery-item-link\" aria-label=\"STF_0180\" href=\"https:\/\/zum-pfeiffer.de\/wp-content\/uploads\/2024\/02\/STF_0180.jpg\"><\/a><\/div><div class=\"w-gallery-item\"><div class=\"w-gallery-item-img\"><img loading=\"lazy\" decoding=\"async\" width=\"1024\" height=\"683\" src=\"https:\/\/zum-pfeiffer.de\/wp-content\/uploads\/2024\/02\/STF_0185-1024x683.jpg\" class=\"attachment-large size-large\" alt=\"\" srcset=\"https:\/\/zum-pfeiffer.de\/wp-content\/uploads\/2024\/02\/STF_0185-1024x683.jpg 1024w, https:\/\/zum-pfeiffer.de\/wp-content\/uploads\/2024\/02\/STF_0185-300x200.jpg 300w, https:\/\/zum-pfeiffer.de\/wp-content\/uploads\/2024\/02\/STF_0185-600x400.jpg 600w, https:\/\/zum-pfeiffer.de\/wp-content\/uploads\/2024\/02\/STF_0185-400x267.jpg 400w, https:\/\/zum-pfeiffer.de\/wp-content\/uploads\/2024\/02\/STF_0185.jpg 1920w\" sizes=\"auto, (max-width: 1024px) 100vw, 1024px\" \/><\/div><a class=\"w-gallery-item-link\" aria-label=\"STF_0185\" href=\"https:\/\/zum-pfeiffer.de\/wp-content\/uploads\/2024\/02\/STF_0185.jpg\"><\/a><\/div><\/div><\/div><\/div><\/div><\/div><\/div><\/section>","protected":false},"excerpt":{"rendered":"PagesUnsere Einzelzimmer im Pfeiffer Ausstattung des Einzelzimmers Unser Einzelzimmer ist eine wahre Oase der Ruhe und des Wohlf\u00fchlens, ideal f\u00fcr den anspruchsvollen Alleinreisenden, der h\u00f6chsten Komfort und Privatsph\u00e4re sucht. In unserem Einzelzimmer erwartet Sie ein elegantes Ambiente mit einem komfortablen Einzelbett. Sie haben Zugang zu kostenlosen Getr\u00e4nken und einem privaten Badezimmer, das mit modernen Annehmlichkeiten...","protected":false},"author":1,"featured_media":0,"parent":483,"menu_order":0,"comment_status":"closed","ping_status":"closed","template":"","meta":{"_acf_changed":false,"footnotes":"","_links_to":"","_links_to_target":""},"class_list":["post-660","page","type-page","status-publish","hentry"],"acf":[],"yoast_head":"<!-- This site is optimized with the Yoast SEO plugin v26.4 - https:\/\/yoast.com\/wordpress\/plugins\/seo\/ -->\n<title>Einzelzimmer &#8211; Zum Pfeiffer<\/title>\n<meta name=\"description\" content=\"Unser Einzelzimmer ist eine wahre Oase der Ruhe und des Wohlf\u00fchlens, ideal f\u00fcr den anspruchsvollen Alleinreisenden, der h\u00f6chsten Komfort und Privatsph\u00e4re sucht.\" \/>\n<meta name=\"robots\" content=\"index, follow, max-snippet:-1, max-image-preview:large, max-video-preview:-1\" \/>\n<link rel=\"canonical\" href=\"https:\/\/zum-pfeiffer.de\/en\/hotel\/einzelzimmer\/\" \/>\n<meta property=\"og:locale\" content=\"en_US\" \/>\n<meta property=\"og:type\" content=\"article\" \/>\n<meta property=\"og:title\" content=\"Einzelzimmer &#8211; Zum Pfeiffer\" \/>\n<meta property=\"og:description\" content=\"Unser Einzelzimmer ist eine wahre Oase der Ruhe und des Wohlf\u00fchlens, ideal f\u00fcr den anspruchsvollen Alleinreisenden, der h\u00f6chsten Komfort und Privatsph\u00e4re sucht.\" \/>\n<meta property=\"og:url\" content=\"https:\/\/zum-pfeiffer.de\/en\/hotel\/einzelzimmer\/\" \/>\n<meta property=\"og:site_name\" content=\"Zum Pfeiffer\" \/>\n<meta property=\"article:modified_time\" content=\"2025-07-30T14:31:26+00:00\" \/>\n<meta property=\"og:image\" content=\"https:\/\/zum-pfeiffer.de\/wp-content\/uploads\/2024\/02\/Logo-gross-e1707832253617.png\" \/>\n\t<meta property=\"og:image:width\" content=\"979\" \/>\n\t<meta property=\"og:image:height\" content=\"553\" \/>\n\t<meta property=\"og:image:type\" content=\"image\/png\" \/>\n<meta name=\"twitter:card\" content=\"summary_large_image\" \/>\n<meta name=\"twitter:label1\" content=\"Est. reading time\" \/>\n\t<meta name=\"twitter:data1\" content=\"1 minute\" \/>\n<script type=\"application\/ld+json\" class=\"yoast-schema-graph\">{\"@context\":\"https:\/\/schema.org\",\"@graph\":[{\"@type\":\"WebPage\",\"@id\":\"https:\/\/zum-pfeiffer.de\/hotel\/einzelzimmer\/\",\"url\":\"https:\/\/zum-pfeiffer.de\/hotel\/einzelzimmer\/\",\"name\":\"Einzelzimmer &#8211; Zum Pfeiffer\",\"isPartOf\":{\"@id\":\"https:\/\/zum-pfeiffer.de\/#website\"},\"datePublished\":\"2024-02-13T14:53:51+00:00\",\"dateModified\":\"2025-07-30T14:31:26+00:00\",\"description\":\"Unser Einzelzimmer ist eine wahre Oase der Ruhe und des Wohlf\u00fchlens, ideal f\u00fcr den anspruchsvollen Alleinreisenden, der h\u00f6chsten Komfort und Privatsph\u00e4re sucht.\",\"breadcrumb\":{\"@id\":\"https:\/\/zum-pfeiffer.de\/hotel\/einzelzimmer\/#breadcrumb\"},\"inLanguage\":\"en-US\",\"potentialAction\":[{\"@type\":\"ReadAction\",\"target\":[\"https:\/\/zum-pfeiffer.de\/hotel\/einzelzimmer\/\"]}]},{\"@type\":\"BreadcrumbList\",\"@id\":\"https:\/\/zum-pfeiffer.de\/hotel\/einzelzimmer\/#breadcrumb\",\"itemListElement\":[{\"@type\":\"ListItem\",\"position\":1,\"name\":\"Startseite\",\"item\":\"https:\/\/zum-pfeiffer.de\/\"},{\"@type\":\"ListItem\",\"position\":2,\"name\":\"Hotel\",\"item\":\"https:\/\/zum-pfeiffer.de\/hotel\/\"},{\"@type\":\"ListItem\",\"position\":3,\"name\":\"Einzelzimmer\"}]},{\"@type\":\"WebSite\",\"@id\":\"https:\/\/zum-pfeiffer.de\/#website\",\"url\":\"https:\/\/zum-pfeiffer.de\/\",\"name\":\"Hotel & Restaurant Zum Pfeiffer\",\"description\":\"HOTEL &amp; RESTAURANT\",\"potentialAction\":[{\"@type\":\"SearchAction\",\"target\":{\"@type\":\"EntryPoint\",\"urlTemplate\":\"https:\/\/zum-pfeiffer.de\/?s={search_term_string}\"},\"query-input\":{\"@type\":\"PropertyValueSpecification\",\"valueRequired\":true,\"valueName\":\"search_term_string\"}}],\"inLanguage\":\"en-US\"}]}<\/script>\n<!-- \/ Yoast SEO plugin. -->","yoast_head_json":{"title":"Einzelzimmer &#8211; Zum Pfeiffer","description":"Our single suite is a true oasis of relaxation and comfort, made specifically for sophisticated solo-travelers looking for the highest level of comfort and privacy.","robots":{"index":"index","follow":"follow","max-snippet":"max-snippet:-1","max-image-preview":"max-image-preview:large","max-video-preview":"max-video-preview:-1"},"canonical":"https:\/\/zum-pfeiffer.de\/en\/hotel\/einzelzimmer\/","og_locale":"en_US","og_type":"article","og_title":"Einzelzimmer &#8211; Zum Pfeiffer","og_description":"Unser Einzelzimmer ist eine wahre Oase der Ruhe und des Wohlf\u00fchlens, ideal f\u00fcr den anspruchsvollen Alleinreisenden, der h\u00f6chsten Komfort und Privatsph\u00e4re sucht.","og_url":"https:\/\/zum-pfeiffer.de\/en\/hotel\/einzelzimmer\/","og_site_name":"Zum Pfeiffer","article_modified_time":"2025-07-30T14:31:26+00:00","og_image":[{"width":979,"height":553,"url":"https:\/\/zum-pfeiffer.de\/wp-content\/uploads\/2024\/02\/Logo-gross-e1707832253617.png","type":"image\/png"}],"twitter_card":"summary_large_image","twitter_misc":{"Est. reading time":"1 minute"},"schema":{"@context":"https:\/\/schema.org","@graph":[{"@type":"WebPage","@id":"https:\/\/zum-pfeiffer.de\/hotel\/einzelzimmer\/","url":"https:\/\/zum-pfeiffer.de\/hotel\/einzelzimmer\/","name":"Einzelzimmer &#8211; Zum Pfeiffer","isPartOf":{"@id":"https:\/\/zum-pfeiffer.de\/#website"},"datePublished":"2024-02-13T14:53:51+00:00","dateModified":"2025-07-30T14:31:26+00:00","description":"Our single suite is a true oasis of relaxation and comfort, made specifically for sophisticated solo-travelers looking for the highest level of comfort and privacy.","breadcrumb":{"@id":"https:\/\/zum-pfeiffer.de\/hotel\/einzelzimmer\/#breadcrumb"},"inLanguage":"en-US","potentialAction":[{"@type":"ReadAction","target":["https:\/\/zum-pfeiffer.de\/hotel\/einzelzimmer\/"]}]},{"@type":"BreadcrumbList","@id":"https:\/\/zum-pfeiffer.de\/hotel\/einzelzimmer\/#breadcrumb","itemListElement":[{"@type":"ListItem","position":1,"name":"Startseite","item":"https:\/\/zum-pfeiffer.de\/"},{"@type":"ListItem","position":2,"name":"Hotel","item":"https:\/\/zum-pfeiffer.de\/hotel\/"},{"@type":"ListItem","position":3,"name":"Einzelzimmer"}]},{"@type":"WebSite","@id":"https:\/\/zum-pfeiffer.de\/#website","url":"https:\/\/zum-pfeiffer.de\/","name":"Hotel &amp; Restaurant Zum Pfeiffer","description":"HOTEL &amp; RESTAURANT","potentialAction":[{"@type":"SearchAction","target":{"@type":"EntryPoint","urlTemplate":"https:\/\/zum-pfeiffer.de\/?s={search_term_string}"},"query-input":{"@type":"PropertyValueSpecification","valueRequired":true,"valueName":"search_term_string"}}],"inLanguage":"en-US"}]}},"_links":{"self":[{"href":"https:\/\/zum-pfeiffer.de\/en\/wp-json\/wp\/v2\/pages\/660","targetHints":{"allow":["GET"]}}],"collection":[{"href":"https:\/\/zum-pfeiffer.de\/en\/wp-json\/wp\/v2\/pages"}],"about":[{"href":"https:\/\/zum-pfeiffer.de\/en\/wp-json\/wp\/v2\/types\/page"}],"author":[{"embeddable":true,"href":"https:\/\/zum-pfeiffer.de\/en\/wp-json\/wp\/v2\/users\/1"}],"replies":[{"embeddable":true,"href":"https:\/\/zum-pfeiffer.de\/en\/wp-json\/wp\/v2\/comments?post=660"}],"version-history":[{"count":12,"href":"https:\/\/zum-pfeiffer.de\/en\/wp-json\/wp\/v2\/pages\/660\/revisions"}],"predecessor-version":[{"id":1029,"href":"https:\/\/zum-pfeiffer.de\/en\/wp-json\/wp\/v2\/pages\/660\/revisions\/1029"}],"up":[{"embeddable":true,"href":"https:\/\/zum-pfeiffer.de\/en\/wp-json\/wp\/v2\/pages\/483"}],"wp:attachment":[{"href":"https:\/\/zum-pfeiffer.de\/en\/wp-json\/wp\/v2\/media?parent=660"}],"curies":[{"name":"wp","href":"https:\/\/api.w.org\/{rel}","templated":true}]}}