{"id":645,"date":"2024-02-13T14:00:12","date_gmt":"2024-02-13T14:00:12","guid":{"rendered":"https:\/\/baroekn.myraidbox.de\/?page_id=645"},"modified":"2025-07-30T14:30:59","modified_gmt":"2025-07-30T14:30:59","slug":"doppelzimmer","status":"publish","type":"page","link":"https:\/\/zum-pfeiffer.de\/en\/hotel\/doppelzimmer\/","title":{"rendered":"Double Suites"},"content":{"rendered":"<section class=\"l-section wpb_row us_custom_836f727b has_text_color height_medium with_img parallax_ver\"><div class=\"l-section-img\" role=\"img\" aria-label=\"image\" data-img-width=\"1920\" data-img-height=\"1280\" style=\"background-image: url(https:\/\/zum-pfeiffer.de\/wp-content\/uploads\/2024\/02\/STF_0133.jpg);background-repeat: no-repeat;\"><\/div><div class=\"l-section-overlay\" style=\"background:linear-gradient(180deg,rgba(0,0,0,0.2),rgba(0,0,0,0.90))\"><\/div><div class=\"l-section-h i-cf\"><div class=\"g-cols vc_row via_grid cols_1 laptops-cols_inherit tablets-cols_inherit mobiles-cols_1 valign_top type_default stacking_default\"><div class=\"wpb_column vc_column_container\"><div class=\"vc_column-inner\"><nav class=\"g-breadcrumbs us_custom_2a8899a7 has_text_color us_animate_this separator_icon align_none\" itemscope itemtype=\"http:\/\/schema.org\/BreadcrumbList\"><div class=\"g-breadcrumbs-item\">Pages<\/div><\/nav><div class=\"wpb_text_column us_custom_fffac436 has_text_color us_animate_this\"><div class=\"wpb_wrapper\"><h2>OUR DOUBLE SUITES AT <em>Pfeiffer<\/em><\/h2>\n<\/div><\/div><\/div><\/div><\/div><\/div><\/section><section class=\"l-section wpb_row height_medium\"><div class=\"l-section-h i-cf\"><div class=\"g-cols vc_row via_grid cols_2 laptops-cols_inherit tablets-cols_inherit mobiles-cols_1 valign_middle type_default stacking_default\" style=\"--columns-gap:0rem;\"><div class=\"wpb_column vc_column_container us_custom_ebda694a\"><div class=\"vc_column-inner\"><div class=\"w-separator size_medium\"><\/div><div class=\"wpb_text_column us_custom_58f9f64c us_animate_this\"><div class=\"wpb_wrapper\"><h3>DOUBLE SUITE FEATURES<\/h3>\n<\/div><\/div><div class=\"w-separator size_small\"><\/div><div class=\"wpb_text_column us_custom_58f9f64c us_animate_this\"><div class=\"wpb_wrapper\"><p>Our spacious double suites are the perfect place to spend relaxed nights and feel right at home. The comfortable double beds invite you to slumber undisturbed over the vineyards of Radebeul and Dresden.<\/p>\n<p>Each of our double rooms features a modern bathroom, complimentary drinks, and a welcoming atmosphere.<\/p>\n<\/div><\/div><div class=\"w-separator size_medium\"><\/div><div class=\"w-btn-wrapper align_none\"><a class=\"w-btn us-btn-style_1 icon_atleft\" target=\"_blank\" href=\"https:\/\/www.booking.com\/hotel\/de\/zum-pfeiffer-radebeul.de.html\"><i class=\"fal fa-calendar\"><\/i><span class=\"w-btn-label\">Book a double suite<\/span><\/a><\/div><div class=\"wpb_text_column us_custom_e66d8155\"><div class=\"wpb_wrapper\"><p>via Booking.com<\/p>\n<\/div><\/div><div class=\"w-separator size_medium\"><\/div><div class=\"wpb_text_column us_custom_58f9f64c us_animate_this\"><div class=\"wpb_wrapper\"><p>You prefer more space, a kitchen and a private terrace? \u2013 <a href=\"\/en\/hotel\/ferienhaus\/\">Book our private cottage<\/a><\/p>\n<\/div><\/div><\/div><\/div><div class=\"wpb_column vc_column_container us_custom_4968f674 us_animate_this has_bg_color stretched\"><div class=\"vc_column-inner\"><div class=\"w-iconbox iconpos_left style_default color_primary align_left no_title\"><div class=\"w-iconbox-icon\" style=\"font-size:1.9rem;\"><i class=\"fal fa-arrows\"><\/i><\/div><div class=\"w-iconbox-meta\"><div class=\"w-iconbox-text\"><p>between 11 and 23 m\u00b2 of space for 2 people<\/p>\n<\/div><\/div><\/div><div class=\"w-separator size_small\"><\/div><div class=\"w-iconbox iconpos_left style_default color_primary align_left no_title\"><div class=\"w-iconbox-icon\" style=\"font-size:1.9rem;\"><i class=\"fal fa-bed\"><\/i><\/div><div class=\"w-iconbox-meta\"><div class=\"w-iconbox-text\"><p>queen-size bed (160 x 200cm) or a double bed (180 x 200 cm)<\/p>\n<\/div><\/div><\/div><div class=\"w-separator size_small\"><\/div><div class=\"w-iconbox iconpos_left style_default color_primary align_left no_title\"><div class=\"w-iconbox-icon\" style=\"font-size:1.9rem;\"><i class=\"fal fa-child\"><\/i><\/div><div class=\"w-iconbox-meta\"><div class=\"w-iconbox-text\"><p>baby crib and fold-out sleeper couch (140 x 190 cm) upon request<\/p>\n<\/div><\/div><\/div><div class=\"w-separator size_small\"><\/div><div class=\"w-iconbox iconpos_left style_default color_primary align_left no_title\"><div class=\"w-iconbox-icon\" style=\"font-size:1.9rem;\"><i class=\"fal fa-shower\"><\/i><\/div><div class=\"w-iconbox-meta\"><div class=\"w-iconbox-text\"><p>equipped bathroom with shower and toilet<\/p>\n<\/div><\/div><\/div><div class=\"w-separator size_small\"><\/div><div class=\"w-iconbox iconpos_left style_default color_primary align_left no_title\"><div class=\"w-iconbox-icon\" style=\"font-size:1.9rem;\"><i class=\"fal fa-air-conditioner\"><\/i><\/div><div class=\"w-iconbox-meta\"><div class=\"w-iconbox-text\"><p>hair dryer<\/p>\n<\/div><\/div><\/div><div class=\"w-separator size_small\"><\/div><div class=\"w-iconbox iconpos_left style_default color_primary align_left no_title\"><div class=\"w-iconbox-icon\" style=\"font-size:1.9rem;\"><i class=\"fal fa-tv\"><\/i><\/div><div class=\"w-iconbox-meta\"><div class=\"w-iconbox-text\"><p>TV<\/p>\n<\/div><\/div><\/div><div class=\"w-separator size_small\"><\/div><div class=\"w-iconbox iconpos_left style_default color_primary align_left no_title\"><div class=\"w-iconbox-icon\" style=\"font-size:1.9rem;\"><i class=\"fal fa-mountains\"><\/i><\/div><div class=\"w-iconbox-meta\"><div class=\"w-iconbox-text\"><p>panoramic window view upon request<\/p>\n<\/div><\/div><\/div><\/div><\/div><\/div><\/div><\/section><section class=\"l-section wpb_row us_custom_84dd7221 height_medium\"><div class=\"l-section-h i-cf\"><div class=\"g-cols vc_row via_grid cols_1 laptops-cols_inherit tablets-cols_inherit mobiles-cols_1 valign_top type_default stacking_default\"><div class=\"wpb_column vc_column_container us_custom_60e9caca us_animate_this\"><div class=\"vc_column-inner\"><div class=\"w-gallery fit_cover type_metro_4 action_popup_image ratio_1x1 count_17\" style=\"--columns:4;--items-gap:10px;\"><div class=\"w-gallery-list\"><div class=\"w-gallery-item\"><div class=\"w-gallery-item-img\"><img loading=\"lazy\" decoding=\"async\" width=\"1024\" height=\"683\" src=\"https:\/\/zum-pfeiffer.de\/wp-content\/uploads\/2024\/02\/STF_0259-1024x683.jpg\" class=\"attachment-large size-large\" alt=\"\" srcset=\"https:\/\/zum-pfeiffer.de\/wp-content\/uploads\/2024\/02\/STF_0259-1024x683.jpg 1024w, https:\/\/zum-pfeiffer.de\/wp-content\/uploads\/2024\/02\/STF_0259-300x200.jpg 300w, https:\/\/zum-pfeiffer.de\/wp-content\/uploads\/2024\/02\/STF_0259-600x400.jpg 600w, https:\/\/zum-pfeiffer.de\/wp-content\/uploads\/2024\/02\/STF_0259-400x267.jpg 400w, https:\/\/zum-pfeiffer.de\/wp-content\/uploads\/2024\/02\/STF_0259.jpg 1920w\" sizes=\"auto, (max-width: 1024px) 100vw, 1024px\" \/><\/div><a class=\"w-gallery-item-link\" aria-label=\"STF_0259\" href=\"https:\/\/zum-pfeiffer.de\/wp-content\/uploads\/2024\/02\/STF_0259.jpg\"><\/a><\/div><div class=\"w-gallery-item\"><div class=\"w-gallery-item-img\"><img loading=\"lazy\" decoding=\"async\" width=\"1024\" height=\"683\" src=\"https:\/\/zum-pfeiffer.de\/wp-content\/uploads\/2024\/02\/STF_0255-1024x683.jpg\" class=\"attachment-large size-large\" alt=\"\" srcset=\"https:\/\/zum-pfeiffer.de\/wp-content\/uploads\/2024\/02\/STF_0255-1024x683.jpg 1024w, https:\/\/zum-pfeiffer.de\/wp-content\/uploads\/2024\/02\/STF_0255-300x200.jpg 300w, https:\/\/zum-pfeiffer.de\/wp-content\/uploads\/2024\/02\/STF_0255-600x400.jpg 600w, https:\/\/zum-pfeiffer.de\/wp-content\/uploads\/2024\/02\/STF_0255-400x267.jpg 400w, https:\/\/zum-pfeiffer.de\/wp-content\/uploads\/2024\/02\/STF_0255.jpg 1920w\" sizes=\"auto, (max-width: 1024px) 100vw, 1024px\" \/><\/div><a class=\"w-gallery-item-link\" aria-label=\"STF_0255\" href=\"https:\/\/zum-pfeiffer.de\/wp-content\/uploads\/2024\/02\/STF_0255.jpg\"><\/a><\/div><div class=\"w-gallery-item\"><div class=\"w-gallery-item-img\"><img loading=\"lazy\" decoding=\"async\" width=\"1024\" height=\"683\" src=\"https:\/\/zum-pfeiffer.de\/wp-content\/uploads\/2024\/02\/STF_0303-1024x683.jpg\" class=\"attachment-large size-large\" alt=\"\" srcset=\"https:\/\/zum-pfeiffer.de\/wp-content\/uploads\/2024\/02\/STF_0303-1024x683.jpg 1024w, https:\/\/zum-pfeiffer.de\/wp-content\/uploads\/2024\/02\/STF_0303-300x200.jpg 300w, https:\/\/zum-pfeiffer.de\/wp-content\/uploads\/2024\/02\/STF_0303-600x400.jpg 600w, https:\/\/zum-pfeiffer.de\/wp-content\/uploads\/2024\/02\/STF_0303-400x267.jpg 400w, https:\/\/zum-pfeiffer.de\/wp-content\/uploads\/2024\/02\/STF_0303.jpg 1920w\" sizes=\"auto, (max-width: 1024px) 100vw, 1024px\" \/><\/div><a class=\"w-gallery-item-link\" aria-label=\"STF_0303\" href=\"https:\/\/zum-pfeiffer.de\/wp-content\/uploads\/2024\/02\/STF_0303.jpg\"><\/a><\/div><div class=\"w-gallery-item\"><div class=\"w-gallery-item-img\"><img loading=\"lazy\" decoding=\"async\" width=\"1024\" height=\"683\" src=\"https:\/\/zum-pfeiffer.de\/wp-content\/uploads\/2024\/02\/STF_0198-1024x683.jpg\" class=\"attachment-large size-large\" alt=\"\" srcset=\"https:\/\/zum-pfeiffer.de\/wp-content\/uploads\/2024\/02\/STF_0198-1024x683.jpg 1024w, https:\/\/zum-pfeiffer.de\/wp-content\/uploads\/2024\/02\/STF_0198-300x200.jpg 300w, https:\/\/zum-pfeiffer.de\/wp-content\/uploads\/2024\/02\/STF_0198-600x400.jpg 600w, https:\/\/zum-pfeiffer.de\/wp-content\/uploads\/2024\/02\/STF_0198-400x267.jpg 400w, https:\/\/zum-pfeiffer.de\/wp-content\/uploads\/2024\/02\/STF_0198.jpg 1920w\" sizes=\"auto, (max-width: 1024px) 100vw, 1024px\" \/><\/div><a class=\"w-gallery-item-link\" aria-label=\"STF_0198\" href=\"https:\/\/zum-pfeiffer.de\/wp-content\/uploads\/2024\/02\/STF_0198.jpg\"><\/a><\/div><div class=\"w-gallery-item\"><div class=\"w-gallery-item-img\"><img loading=\"lazy\" decoding=\"async\" width=\"1024\" height=\"683\" src=\"https:\/\/zum-pfeiffer.de\/wp-content\/uploads\/2024\/02\/STF_0188-1024x683.jpg\" class=\"attachment-large size-large\" alt=\"\" srcset=\"https:\/\/zum-pfeiffer.de\/wp-content\/uploads\/2024\/02\/STF_0188-1024x683.jpg 1024w, https:\/\/zum-pfeiffer.de\/wp-content\/uploads\/2024\/02\/STF_0188-300x200.jpg 300w, https:\/\/zum-pfeiffer.de\/wp-content\/uploads\/2024\/02\/STF_0188-600x400.jpg 600w, https:\/\/zum-pfeiffer.de\/wp-content\/uploads\/2024\/02\/STF_0188-400x267.jpg 400w, https:\/\/zum-pfeiffer.de\/wp-content\/uploads\/2024\/02\/STF_0188.jpg 1920w\" sizes=\"auto, (max-width: 1024px) 100vw, 1024px\" \/><\/div><a class=\"w-gallery-item-link\" aria-label=\"STF_0188\" href=\"https:\/\/zum-pfeiffer.de\/wp-content\/uploads\/2024\/02\/STF_0188.jpg\"><\/a><\/div><div class=\"w-gallery-item\"><div class=\"w-gallery-item-img\"><img loading=\"lazy\" decoding=\"async\" width=\"1024\" height=\"683\" src=\"https:\/\/zum-pfeiffer.de\/wp-content\/uploads\/2024\/02\/STF_0078-1024x683.jpg\" class=\"attachment-large size-large\" alt=\"\" srcset=\"https:\/\/zum-pfeiffer.de\/wp-content\/uploads\/2024\/02\/STF_0078-1024x683.jpg 1024w, https:\/\/zum-pfeiffer.de\/wp-content\/uploads\/2024\/02\/STF_0078-300x200.jpg 300w, https:\/\/zum-pfeiffer.de\/wp-content\/uploads\/2024\/02\/STF_0078-600x400.jpg 600w, https:\/\/zum-pfeiffer.de\/wp-content\/uploads\/2024\/02\/STF_0078-400x267.jpg 400w, https:\/\/zum-pfeiffer.de\/wp-content\/uploads\/2024\/02\/STF_0078.jpg 1920w\" sizes=\"auto, (max-width: 1024px) 100vw, 1024px\" \/><\/div><a class=\"w-gallery-item-link\" aria-label=\"STF_0078\" href=\"https:\/\/zum-pfeiffer.de\/wp-content\/uploads\/2024\/02\/STF_0078.jpg\"><\/a><\/div><div class=\"w-gallery-item\"><div class=\"w-gallery-item-img\"><img loading=\"lazy\" decoding=\"async\" width=\"1024\" height=\"683\" src=\"https:\/\/zum-pfeiffer.de\/wp-content\/uploads\/2024\/02\/STF_0060-1024x683.jpg\" class=\"attachment-large size-large\" alt=\"\" srcset=\"https:\/\/zum-pfeiffer.de\/wp-content\/uploads\/2024\/02\/STF_0060-1024x683.jpg 1024w, https:\/\/zum-pfeiffer.de\/wp-content\/uploads\/2024\/02\/STF_0060-300x200.jpg 300w, https:\/\/zum-pfeiffer.de\/wp-content\/uploads\/2024\/02\/STF_0060-600x400.jpg 600w, https:\/\/zum-pfeiffer.de\/wp-content\/uploads\/2024\/02\/STF_0060-400x267.jpg 400w, https:\/\/zum-pfeiffer.de\/wp-content\/uploads\/2024\/02\/STF_0060.jpg 1920w\" sizes=\"auto, (max-width: 1024px) 100vw, 1024px\" \/><\/div><a class=\"w-gallery-item-link\" aria-label=\"STF_0060\" href=\"https:\/\/zum-pfeiffer.de\/wp-content\/uploads\/2024\/02\/STF_0060.jpg\"><\/a><\/div><div class=\"w-gallery-item\"><div class=\"w-gallery-item-img\"><img loading=\"lazy\" decoding=\"async\" width=\"1024\" height=\"683\" src=\"https:\/\/zum-pfeiffer.de\/wp-content\/uploads\/2024\/02\/STF_0103-1024x683.jpg\" class=\"attachment-large size-large\" alt=\"\" srcset=\"https:\/\/zum-pfeiffer.de\/wp-content\/uploads\/2024\/02\/STF_0103-1024x683.jpg 1024w, https:\/\/zum-pfeiffer.de\/wp-content\/uploads\/2024\/02\/STF_0103-300x200.jpg 300w, https:\/\/zum-pfeiffer.de\/wp-content\/uploads\/2024\/02\/STF_0103-600x400.jpg 600w, https:\/\/zum-pfeiffer.de\/wp-content\/uploads\/2024\/02\/STF_0103-400x267.jpg 400w, https:\/\/zum-pfeiffer.de\/wp-content\/uploads\/2024\/02\/STF_0103.jpg 1920w\" sizes=\"auto, (max-width: 1024px) 100vw, 1024px\" \/><\/div><a class=\"w-gallery-item-link\" aria-label=\"STF_0103\" href=\"https:\/\/zum-pfeiffer.de\/wp-content\/uploads\/2024\/02\/STF_0103.jpg\"><\/a><\/div><div class=\"w-gallery-item\"><div class=\"w-gallery-item-img\"><img loading=\"lazy\" decoding=\"async\" width=\"1024\" height=\"683\" src=\"https:\/\/zum-pfeiffer.de\/wp-content\/uploads\/2024\/02\/STF_0155-1024x683.jpg\" class=\"attachment-large size-large\" alt=\"\" srcset=\"https:\/\/zum-pfeiffer.de\/wp-content\/uploads\/2024\/02\/STF_0155-1024x683.jpg 1024w, https:\/\/zum-pfeiffer.de\/wp-content\/uploads\/2024\/02\/STF_0155-300x200.jpg 300w, https:\/\/zum-pfeiffer.de\/wp-content\/uploads\/2024\/02\/STF_0155-600x400.jpg 600w, https:\/\/zum-pfeiffer.de\/wp-content\/uploads\/2024\/02\/STF_0155-400x267.jpg 400w, https:\/\/zum-pfeiffer.de\/wp-content\/uploads\/2024\/02\/STF_0155.jpg 1920w\" sizes=\"auto, (max-width: 1024px) 100vw, 1024px\" \/><\/div><a class=\"w-gallery-item-link\" aria-label=\"STF_0155\" href=\"https:\/\/zum-pfeiffer.de\/wp-content\/uploads\/2024\/02\/STF_0155.jpg\"><\/a><\/div><div class=\"w-gallery-item\"><div class=\"w-gallery-item-img\"><img loading=\"lazy\" decoding=\"async\" width=\"1024\" height=\"683\" src=\"https:\/\/zum-pfeiffer.de\/wp-content\/uploads\/2024\/02\/STF_0029-1024x683.jpg\" class=\"attachment-large size-large\" alt=\"\" srcset=\"https:\/\/zum-pfeiffer.de\/wp-content\/uploads\/2024\/02\/STF_0029-1024x683.jpg 1024w, https:\/\/zum-pfeiffer.de\/wp-content\/uploads\/2024\/02\/STF_0029-300x200.jpg 300w, https:\/\/zum-pfeiffer.de\/wp-content\/uploads\/2024\/02\/STF_0029-600x400.jpg 600w, https:\/\/zum-pfeiffer.de\/wp-content\/uploads\/2024\/02\/STF_0029-400x267.jpg 400w, https:\/\/zum-pfeiffer.de\/wp-content\/uploads\/2024\/02\/STF_0029.jpg 1920w\" sizes=\"auto, (max-width: 1024px) 100vw, 1024px\" \/><\/div><a class=\"w-gallery-item-link\" aria-label=\"STF_0029\" href=\"https:\/\/zum-pfeiffer.de\/wp-content\/uploads\/2024\/02\/STF_0029.jpg\"><\/a><\/div><div class=\"w-gallery-item\"><div class=\"w-gallery-item-img\"><img loading=\"lazy\" decoding=\"async\" width=\"1024\" height=\"683\" src=\"https:\/\/zum-pfeiffer.de\/wp-content\/uploads\/2024\/02\/STF_0012-1024x683.jpg\" class=\"attachment-large size-large\" alt=\"\" srcset=\"https:\/\/zum-pfeiffer.de\/wp-content\/uploads\/2024\/02\/STF_0012-1024x683.jpg 1024w, https:\/\/zum-pfeiffer.de\/wp-content\/uploads\/2024\/02\/STF_0012-300x200.jpg 300w, https:\/\/zum-pfeiffer.de\/wp-content\/uploads\/2024\/02\/STF_0012-600x400.jpg 600w, https:\/\/zum-pfeiffer.de\/wp-content\/uploads\/2024\/02\/STF_0012-400x267.jpg 400w, https:\/\/zum-pfeiffer.de\/wp-content\/uploads\/2024\/02\/STF_0012.jpg 1920w\" sizes=\"auto, (max-width: 1024px) 100vw, 1024px\" \/><\/div><a class=\"w-gallery-item-link\" aria-label=\"STF_0012\" href=\"https:\/\/zum-pfeiffer.de\/wp-content\/uploads\/2024\/02\/STF_0012.jpg\"><\/a><\/div><div class=\"w-gallery-item\"><div class=\"w-gallery-item-img\"><img loading=\"lazy\" decoding=\"async\" width=\"1024\" height=\"683\" src=\"https:\/\/zum-pfeiffer.de\/wp-content\/uploads\/2024\/02\/STF_0244-1024x683.jpg\" class=\"attachment-large size-large\" alt=\"\" srcset=\"https:\/\/zum-pfeiffer.de\/wp-content\/uploads\/2024\/02\/STF_0244-1024x683.jpg 1024w, https:\/\/zum-pfeiffer.de\/wp-content\/uploads\/2024\/02\/STF_0244-300x200.jpg 300w, https:\/\/zum-pfeiffer.de\/wp-content\/uploads\/2024\/02\/STF_0244-600x400.jpg 600w, https:\/\/zum-pfeiffer.de\/wp-content\/uploads\/2024\/02\/STF_0244-400x267.jpg 400w, https:\/\/zum-pfeiffer.de\/wp-content\/uploads\/2024\/02\/STF_0244.jpg 1920w\" sizes=\"auto, (max-width: 1024px) 100vw, 1024px\" \/><\/div><a class=\"w-gallery-item-link\" aria-label=\"STF_0244\" href=\"https:\/\/zum-pfeiffer.de\/wp-content\/uploads\/2024\/02\/STF_0244.jpg\"><\/a><\/div><\/div><\/div><\/div><\/div><\/div><\/div><\/section>","protected":false},"excerpt":{"rendered":"PagesOur Double Rooms at the Pfeiffer Double Room Amenities Experience restful nights in our spacious double beds, ensuring undisturbed sleep. The roomy rooms offer you plenty of space to spread out and feel at home. Each of our double rooms features a modern bathroom, complimentary drinks, and a welcoming atmosphere. Book a double room via Booking.com You would like...","protected":false},"author":1,"featured_media":0,"parent":483,"menu_order":0,"comment_status":"closed","ping_status":"closed","template":"","meta":{"_acf_changed":false,"footnotes":"","_links_to":"","_links_to_target":""},"class_list":["post-645","page","type-page","status-publish","hentry"],"acf":[],"yoast_head":"<!-- This site is optimized with the Yoast SEO plugin v26.4 - https:\/\/yoast.com\/wordpress\/plugins\/seo\/ -->\n<title>Doppelzimmer &#8211; Zum Pfeiffer<\/title>\n<meta name=\"description\" content=\"Erleben Sie erholsame N\u00e4chte in unseren gro\u00dfz\u00fcgigen Doppelbetten, die f\u00fcr einen ungest\u00f6rten Schlaf sorgen. Die ger\u00e4umigen Zimmer bieten Ihnen gen\u00fcgend Platz, um sich auszubreiten und sich wie zu Hause zu f\u00fchlen.\" \/>\n<meta name=\"robots\" content=\"index, follow, max-snippet:-1, max-image-preview:large, max-video-preview:-1\" \/>\n<link rel=\"canonical\" href=\"https:\/\/zum-pfeiffer.de\/en\/hotel\/doppelzimmer\/\" \/>\n<meta property=\"og:locale\" content=\"en_US\" \/>\n<meta property=\"og:type\" content=\"article\" \/>\n<meta property=\"og:title\" content=\"Doppelzimmer &#8211; Zum Pfeiffer\" \/>\n<meta property=\"og:description\" content=\"Erleben Sie erholsame N\u00e4chte in unseren gro\u00dfz\u00fcgigen Doppelbetten, die f\u00fcr einen ungest\u00f6rten Schlaf sorgen. Die ger\u00e4umigen Zimmer bieten Ihnen gen\u00fcgend Platz, um sich auszubreiten und sich wie zu Hause zu f\u00fchlen.\" \/>\n<meta property=\"og:url\" content=\"https:\/\/zum-pfeiffer.de\/en\/hotel\/doppelzimmer\/\" \/>\n<meta property=\"og:site_name\" content=\"Zum Pfeiffer\" \/>\n<meta property=\"article:modified_time\" content=\"2025-07-30T14:30:59+00:00\" \/>\n<meta property=\"og:image\" content=\"https:\/\/zum-pfeiffer.de\/wp-content\/uploads\/2024\/02\/Logo-gross-e1707832253617.png\" \/>\n\t<meta property=\"og:image:width\" content=\"979\" \/>\n\t<meta property=\"og:image:height\" content=\"553\" \/>\n\t<meta property=\"og:image:type\" content=\"image\/png\" \/>\n<meta name=\"twitter:card\" content=\"summary_large_image\" \/>\n<meta name=\"twitter:label1\" content=\"Est. reading time\" \/>\n\t<meta name=\"twitter:data1\" content=\"1 minute\" \/>\n<script type=\"application\/ld+json\" class=\"yoast-schema-graph\">{\"@context\":\"https:\/\/schema.org\",\"@graph\":[{\"@type\":\"WebPage\",\"@id\":\"https:\/\/zum-pfeiffer.de\/hotel\/doppelzimmer\/\",\"url\":\"https:\/\/zum-pfeiffer.de\/hotel\/doppelzimmer\/\",\"name\":\"Doppelzimmer &#8211; Zum Pfeiffer\",\"isPartOf\":{\"@id\":\"https:\/\/zum-pfeiffer.de\/#website\"},\"datePublished\":\"2024-02-13T14:00:12+00:00\",\"dateModified\":\"2025-07-30T14:30:59+00:00\",\"description\":\"Erleben Sie erholsame N\u00e4chte in unseren gro\u00dfz\u00fcgigen Doppelbetten, die f\u00fcr einen ungest\u00f6rten Schlaf sorgen. Die ger\u00e4umigen Zimmer bieten Ihnen gen\u00fcgend Platz, um sich auszubreiten und sich wie zu Hause zu f\u00fchlen.\",\"breadcrumb\":{\"@id\":\"https:\/\/zum-pfeiffer.de\/hotel\/doppelzimmer\/#breadcrumb\"},\"inLanguage\":\"en-US\",\"potentialAction\":[{\"@type\":\"ReadAction\",\"target\":[\"https:\/\/zum-pfeiffer.de\/hotel\/doppelzimmer\/\"]}]},{\"@type\":\"BreadcrumbList\",\"@id\":\"https:\/\/zum-pfeiffer.de\/hotel\/doppelzimmer\/#breadcrumb\",\"itemListElement\":[{\"@type\":\"ListItem\",\"position\":1,\"name\":\"Startseite\",\"item\":\"https:\/\/zum-pfeiffer.de\/\"},{\"@type\":\"ListItem\",\"position\":2,\"name\":\"Hotel\",\"item\":\"https:\/\/zum-pfeiffer.de\/hotel\/\"},{\"@type\":\"ListItem\",\"position\":3,\"name\":\"Doppelzimmer\"}]},{\"@type\":\"WebSite\",\"@id\":\"https:\/\/zum-pfeiffer.de\/#website\",\"url\":\"https:\/\/zum-pfeiffer.de\/\",\"name\":\"Hotel & Restaurant Zum Pfeiffer\",\"description\":\"HOTEL &amp; RESTAURANT\",\"potentialAction\":[{\"@type\":\"SearchAction\",\"target\":{\"@type\":\"EntryPoint\",\"urlTemplate\":\"https:\/\/zum-pfeiffer.de\/?s={search_term_string}\"},\"query-input\":{\"@type\":\"PropertyValueSpecification\",\"valueRequired\":true,\"valueName\":\"search_term_string\"}}],\"inLanguage\":\"en-US\"}]}<\/script>\n<!-- \/ Yoast SEO plugin. -->","yoast_head_json":{"title":"Double room \u2013 Zum Pfeiffer","description":"Our spacious double suites are the perfect place to spend relaxed nights and feel right at home. The comfortable double beds invite you to slumber undisturbed over the vineyards of Radebeul and Dresden.","robots":{"index":"index","follow":"follow","max-snippet":"max-snippet:-1","max-image-preview":"max-image-preview:large","max-video-preview":"max-video-preview:-1"},"canonical":"https:\/\/zum-pfeiffer.de\/en\/hotel\/doppelzimmer\/","og_locale":"en_US","og_type":"article","og_title":"Doppelzimmer &#8211; Zum Pfeiffer","og_description":"Erleben Sie erholsame N\u00e4chte in unseren gro\u00dfz\u00fcgigen Doppelbetten, die f\u00fcr einen ungest\u00f6rten Schlaf sorgen. Die ger\u00e4umigen Zimmer bieten Ihnen gen\u00fcgend Platz, um sich auszubreiten und sich wie zu Hause zu f\u00fchlen.","og_url":"https:\/\/zum-pfeiffer.de\/en\/hotel\/doppelzimmer\/","og_site_name":"Zum Pfeiffer","article_modified_time":"2025-07-30T14:30:59+00:00","og_image":[{"width":979,"height":553,"url":"https:\/\/zum-pfeiffer.de\/wp-content\/uploads\/2024\/02\/Logo-gross-e1707832253617.png","type":"image\/png"}],"twitter_card":"summary_large_image","twitter_misc":{"Est. reading time":"1 minute"},"schema":{"@context":"https:\/\/schema.org","@graph":[{"@type":"WebPage","@id":"https:\/\/zum-pfeiffer.de\/hotel\/doppelzimmer\/","url":"https:\/\/zum-pfeiffer.de\/hotel\/doppelzimmer\/","name":"Double room \u2013 Zum Pfeiffer","isPartOf":{"@id":"https:\/\/zum-pfeiffer.de\/#website"},"datePublished":"2024-02-13T14:00:12+00:00","dateModified":"2025-07-30T14:30:59+00:00","description":"Our spacious double suites are the perfect place to spend relaxed nights and feel right at home. The comfortable double beds invite you to slumber undisturbed over the vineyards of Radebeul and Dresden.","breadcrumb":{"@id":"https:\/\/zum-pfeiffer.de\/hotel\/doppelzimmer\/#breadcrumb"},"inLanguage":"en-US","potentialAction":[{"@type":"ReadAction","target":["https:\/\/zum-pfeiffer.de\/hotel\/doppelzimmer\/"]}]},{"@type":"BreadcrumbList","@id":"https:\/\/zum-pfeiffer.de\/hotel\/doppelzimmer\/#breadcrumb","itemListElement":[{"@type":"ListItem","position":1,"name":"Startseite","item":"https:\/\/zum-pfeiffer.de\/"},{"@type":"ListItem","position":2,"name":"Hotel","item":"https:\/\/zum-pfeiffer.de\/hotel\/"},{"@type":"ListItem","position":3,"name":"Doppelzimmer"}]},{"@type":"WebSite","@id":"https:\/\/zum-pfeiffer.de\/#website","url":"https:\/\/zum-pfeiffer.de\/","name":"Hotel &amp; Restaurant Zum Pfeiffer","description":"HOTEL &amp; RESTAURANT","potentialAction":[{"@type":"SearchAction","target":{"@type":"EntryPoint","urlTemplate":"https:\/\/zum-pfeiffer.de\/?s={search_term_string}"},"query-input":{"@type":"PropertyValueSpecification","valueRequired":true,"valueName":"search_term_string"}}],"inLanguage":"en-US"}]}},"_links":{"self":[{"href":"https:\/\/zum-pfeiffer.de\/en\/wp-json\/wp\/v2\/pages\/645","targetHints":{"allow":["GET"]}}],"collection":[{"href":"https:\/\/zum-pfeiffer.de\/en\/wp-json\/wp\/v2\/pages"}],"about":[{"href":"https:\/\/zum-pfeiffer.de\/en\/wp-json\/wp\/v2\/types\/page"}],"author":[{"embeddable":true,"href":"https:\/\/zum-pfeiffer.de\/en\/wp-json\/wp\/v2\/users\/1"}],"replies":[{"embeddable":true,"href":"https:\/\/zum-pfeiffer.de\/en\/wp-json\/wp\/v2\/comments?post=645"}],"version-history":[{"count":11,"href":"https:\/\/zum-pfeiffer.de\/en\/wp-json\/wp\/v2\/pages\/645\/revisions"}],"predecessor-version":[{"id":1028,"href":"https:\/\/zum-pfeiffer.de\/en\/wp-json\/wp\/v2\/pages\/645\/revisions\/1028"}],"up":[{"embeddable":true,"href":"https:\/\/zum-pfeiffer.de\/en\/wp-json\/wp\/v2\/pages\/483"}],"wp:attachment":[{"href":"https:\/\/zum-pfeiffer.de\/en\/wp-json\/wp\/v2\/media?parent=645"}],"curies":[{"name":"wp","href":"https:\/\/api.w.org\/{rel}","templated":true}]}}