{"id":487,"date":"2024-02-07T20:43:13","date_gmt":"2024-02-07T20:43:13","guid":{"rendered":"https:\/\/baroekn.myraidbox.de\/?page_id=487"},"modified":"2025-11-27T16:32:52","modified_gmt":"2025-11-27T16:32:52","slug":"events","status":"publish","type":"page","link":"https:\/\/zum-pfeiffer.de\/en\/events\/","title":{"rendered":"Events"},"content":{"rendered":"<section class=\"l-section wpb_row us_custom_1d9ecb8f height_huge\"><div class=\"l-section-h i-cf\"><div class=\"g-cols vc_row via_grid cols_1 laptops-cols_inherit tablets-cols_inherit mobiles-cols_1 valign_top type_default stacking_default\"><div class=\"wpb_column vc_column_container\"><div class=\"vc_column-inner\"><div class=\"wpb_text_column us_custom_a0a46229 us_animate_this\"><div class=\"wpb_wrapper\"><p style=\"text-align: center;\">Events, concerts and more<\/p>\n<\/div><\/div><div class=\"wpb_text_column\"><div class=\"wpb_wrapper\"><h1 style=\"text-align: center;\"><em>Current<\/em> Events<\/h1>\n<\/div><\/div><\/div><\/div><\/div><\/div><\/section><section class=\"l-section wpb_row height_medium\"><div class=\"l-section-h i-cf\"><div class=\"g-cols vc_row via_grid cols_1 laptops-cols_inherit tablets-cols_inherit mobiles-cols_1 valign_top type_default stacking_default\"><div class=\"wpb_column vc_column_container\"><div class=\"vc_column-inner\"><div class=\"w-grid us_post_list type_grid layout_1063 cols_3 overflow_hidden preload_style_spinner with_css_animation\" id=\"us_post_list_s907\" style=\"--columns:3;--gap:1.5rem;\"><style>@media (max-width:1024px){#us_post_list_s907{--columns:2!important}}@media (max-width:600px){#us_post_list_s907{--columns:1!important}}@media (max-width:600px){#us_post_list_s907{--gap:1rem!important}}.layout_1063 .w-grid-item-h{background:var(--color-header-transparent-text);color:var(--color-content-text)}.layout_1063 .usg_vwrapper_1{padding:7% 7% 80px 7%!important}.layout_1063 .usg_post_title_1{font-size:max( 1.2rem,1.2vw )!important}.layout_1063 .usg_btn_1{position:absolute!important;left:20px!important;bottom:20px!important;right:20px!important}.layout_1063 .usg_post_custom_field_1{padding-left:10px!important}.layout_1063 .usg_post_custom_field_5{color:var(--color-header-top-bg)!important;font-size:14px!important;position:absolute!important;left:15px!important;bottom:2px!important;z-index:1!important;background:var(--color-header-transparent-text)!important;padding:4px 10px 4px 10px!important}<\/style><div class=\"w-grid-list\">\t<article class=\"w-grid-item us_animate_afb size_1x1 post-1077 post type-post status-publish format-standard has-post-thumbnail hentry category-uncategorized\" data-id=\"1077\" style=\"animation-delay:0s\">\r\n\t\t<div class=\"w-grid-item-h\">\r\n\t\t\t\t\t\t\t<a href=\"https:\/\/zum-pfeiffer.de\/en\/unser-shuttle-service\/\" class=\"w-grid-item-anchor\" aria-label=\"Our shuttle service\"><\/a>\r\n\t\t\t\t\t\t<div class=\"w-vwrapper usg_vwrapper_2 align_none valign_top\"><div class=\"w-post-elm post_image usg_post_image_1 angled-image has_ratio\"><img loading=\"lazy\" decoding=\"async\" width=\"946\" height=\"1024\" src=\"https:\/\/zum-pfeiffer.de\/wp-content\/uploads\/2025\/11\/503715565_17955648842956037_3954245159558238414_n-946x1024.jpg\" class=\"attachment-large size-large wp-post-image\" alt=\"\" \/><div style=\"padding-bottom:56.25%\"><\/div><\/div><\/div><div class=\"w-vwrapper usg_vwrapper_1 align_left valign_top\"><p class=\"w-post-elm post_title usg_post_title_1 entry-title color_link_inherit\">Our shuttle service<\/p><\/div><button tabindex=\"-1\" class=\"w-btn us-btn-style_2 usg_btn_1 icon_atleft\"><i class=\"fas fa-chevron-right\"><\/i><span class=\"w-btn-label\">Find out more<\/span><\/button>\t\t<\/div>\r\n\t\t\t<\/article>\r\n\t<article class=\"w-grid-item us_animate_afb size_1x1 post-1072 post type-post status-publish format-standard has-post-thumbnail hentry category-uncategorized\" data-id=\"1072\" style=\"animation-delay:0.1s\">\r\n\t\t<div class=\"w-grid-item-h\">\r\n\t\t\t\t\t\t\t<a href=\"\/en\/tickets\/\" class=\"w-grid-item-anchor\" aria-label=\"Champagne brunch at Pfeiffer\"><\/a>\r\n\t\t\t\t\t\t<div class=\"w-vwrapper usg_vwrapper_2 align_none valign_top\"><div class=\"w-post-elm post_image usg_post_image_1 angled-image has_ratio\"><img loading=\"lazy\" decoding=\"async\" width=\"819\" height=\"1024\" src=\"https:\/\/zum-pfeiffer.de\/wp-content\/uploads\/2025\/11\/586317631_17973529883956037_5151305842907288083_n-819x1024.jpg\" class=\"attachment-large size-large wp-post-image\" alt=\"\" \/><div style=\"padding-bottom:56.25%\"><\/div><\/div><\/div><div class=\"w-vwrapper usg_vwrapper_1 align_left valign_top\"><p class=\"w-post-elm post_title usg_post_title_1 entry-title color_link_inherit\">Champagne brunch at Pfeiffer<\/p><div class=\"w-hwrapper usg_hwrapper_1 align_left valign_middle wrap\"><div class=\"w-hwrapper usg_hwrapper_3 align_none valign_top\" style=\"--hwrapper-gap:0.2rem\"><div class=\"w-post-elm post_custom_field usg_post_custom_field_2 type_text datum color_link_inherit\"><i class=\"fal fa-calendar-alt\"><\/i><span class=\"w-post-elm-value\">12.04.2026<\/span><\/div><\/div><div class=\"w-post-elm post_custom_field usg_post_custom_field_1 type_text uhrzeit color_link_inherit\"><i class=\"fal fa-clock\"><\/i><span class=\"w-post-elm-value\">11:30 am<\/span><\/div><\/div><\/div><button tabindex=\"-1\" class=\"w-btn us-btn-style_2 usg_btn_1 icon_atleft\"><i class=\"fas fa-chevron-right\"><\/i><span class=\"w-btn-label\">Find out more<\/span><\/button>\t\t<\/div>\r\n\t\t\t<\/article>\r\n\t<article class=\"w-grid-item us_animate_afb size_1x1 post-1121 post type-post status-publish format-standard has-post-thumbnail hentry category-uncategorized\" data-id=\"1121\" style=\"animation-delay:0.2s\">\r\n\t\t<div class=\"w-grid-item-h\">\r\n\t\t\t\t\t\t\t<a href=\"\/en\/tickets\/\" class=\"w-grid-item-anchor\" aria-label=\"Barbecue party at Pfeiffer\"><\/a>\r\n\t\t\t\t\t\t<div class=\"w-vwrapper usg_vwrapper_2 align_none valign_top\"><div class=\"w-post-elm post_image usg_post_image_1 angled-image has_ratio\"><img loading=\"lazy\" decoding=\"async\" width=\"593\" height=\"395\" src=\"https:\/\/zum-pfeiffer.de\/wp-content\/uploads\/2026\/03\/holder-1080.jpg\" class=\"attachment-large size-large wp-post-image\" alt=\"\" \/><div style=\"padding-bottom:56.25%\"><\/div><\/div><\/div><div class=\"w-vwrapper usg_vwrapper_1 align_left valign_top\"><p class=\"w-post-elm post_title usg_post_title_1 entry-title color_link_inherit\">Barbecue party at Pfeiffer<\/p><div class=\"w-hwrapper usg_hwrapper_1 align_left valign_middle wrap\"><div class=\"w-hwrapper usg_hwrapper_3 align_none valign_top\" style=\"--hwrapper-gap:0.2rem\"><div class=\"w-post-elm post_custom_field usg_post_custom_field_2 type_text datum color_link_inherit\"><i class=\"fal fa-calendar-alt\"><\/i><span class=\"w-post-elm-value\">29.05.2026<\/span><\/div><\/div><div class=\"w-post-elm post_custom_field usg_post_custom_field_1 type_text uhrzeit color_link_inherit\"><i class=\"fal fa-clock\"><\/i><span class=\"w-post-elm-value\">6:30 p.m.<\/span><\/div><\/div><\/div><button tabindex=\"-1\" class=\"w-btn us-btn-style_2 usg_btn_1 icon_atleft\"><i class=\"fas fa-chevron-right\"><\/i><span class=\"w-btn-label\">Find out more<\/span><\/button>\t\t<\/div>\r\n\t\t\t<\/article>\r\n\t<article class=\"w-grid-item us_animate_afb size_1x1 post-1125 post type-post status-publish format-standard has-post-thumbnail hentry category-uncategorized\" data-id=\"1125\" style=\"animation-delay:0.3s\">\r\n\t\t<div class=\"w-grid-item-h\">\r\n\t\t\t\t\t\t\t<a href=\"\/en\/tickets\/\" class=\"w-grid-item-anchor\" aria-label=\"Barbecue party at Pfeiffer\"><\/a>\r\n\t\t\t\t\t\t<div class=\"w-vwrapper usg_vwrapper_2 align_none valign_top\"><div class=\"w-post-elm post_image usg_post_image_1 angled-image has_ratio\"><img loading=\"lazy\" decoding=\"async\" width=\"593\" height=\"395\" src=\"https:\/\/zum-pfeiffer.de\/wp-content\/uploads\/2026\/03\/holder-1080.jpg\" class=\"attachment-large size-large wp-post-image\" alt=\"\" \/><div style=\"padding-bottom:56.25%\"><\/div><\/div><\/div><div class=\"w-vwrapper usg_vwrapper_1 align_left valign_top\"><p class=\"w-post-elm post_title usg_post_title_1 entry-title color_link_inherit\">Barbecue party at Pfeiffer<\/p><div class=\"w-hwrapper usg_hwrapper_1 align_left valign_middle wrap\"><div class=\"w-hwrapper usg_hwrapper_3 align_none valign_top\" style=\"--hwrapper-gap:0.2rem\"><div class=\"w-post-elm post_custom_field usg_post_custom_field_2 type_text datum color_link_inherit\"><i class=\"fal fa-calendar-alt\"><\/i><span class=\"w-post-elm-value\">26.06.2026<\/span><\/div><\/div><div class=\"w-post-elm post_custom_field usg_post_custom_field_1 type_text uhrzeit color_link_inherit\"><i class=\"fal fa-clock\"><\/i><span class=\"w-post-elm-value\">6:30 p.m.<\/span><\/div><\/div><\/div><button tabindex=\"-1\" class=\"w-btn us-btn-style_2 usg_btn_1 icon_atleft\"><i class=\"fas fa-chevron-right\"><\/i><span class=\"w-btn-label\">Find out more<\/span><\/button>\t\t<\/div>\r\n\t\t\t<\/article>\r\n\t<article class=\"w-grid-item us_animate_afb size_1x1 post-1127 post type-post status-publish format-standard has-post-thumbnail hentry category-uncategorized\" data-id=\"1127\" style=\"animation-delay:0.4s\">\r\n\t\t<div class=\"w-grid-item-h\">\r\n\t\t\t\t\t\t\t<a href=\"\/en\/tickets\/\" class=\"w-grid-item-anchor\" aria-label=\"Barbecue party at Pfeiffer\"><\/a>\r\n\t\t\t\t\t\t<div class=\"w-vwrapper usg_vwrapper_2 align_none valign_top\"><div class=\"w-post-elm post_image usg_post_image_1 angled-image has_ratio\"><img loading=\"lazy\" decoding=\"async\" width=\"593\" height=\"395\" src=\"https:\/\/zum-pfeiffer.de\/wp-content\/uploads\/2026\/03\/holder-1080.jpg\" class=\"attachment-large size-large wp-post-image\" alt=\"\" \/><div style=\"padding-bottom:56.25%\"><\/div><\/div><\/div><div class=\"w-vwrapper usg_vwrapper_1 align_left valign_top\"><p class=\"w-post-elm post_title usg_post_title_1 entry-title color_link_inherit\">Barbecue party at Pfeiffer<\/p><div class=\"w-hwrapper usg_hwrapper_1 align_left valign_middle wrap\"><div class=\"w-hwrapper usg_hwrapper_3 align_none valign_top\" style=\"--hwrapper-gap:0.2rem\"><div class=\"w-post-elm post_custom_field usg_post_custom_field_2 type_text datum color_link_inherit\"><i class=\"fal fa-calendar-alt\"><\/i><span class=\"w-post-elm-value\">04.09.2026<\/span><\/div><\/div><div class=\"w-post-elm post_custom_field usg_post_custom_field_1 type_text uhrzeit color_link_inherit\"><i class=\"fal fa-clock\"><\/i><span class=\"w-post-elm-value\">6:30 p.m.<\/span><\/div><\/div><\/div><button tabindex=\"-1\" class=\"w-btn us-btn-style_2 usg_btn_1 icon_atleft\"><i class=\"fas fa-chevron-right\"><\/i><span class=\"w-btn-label\">Find out more<\/span><\/button>\t\t<\/div>\r\n\t\t\t<\/article>\r\n<\/div><div class=\"g-loadmore hidden\"><div class=\"g-preloader type_1\"><div><\/div><\/div><\/div><div class=\"w-grid-list-json hidden\" onclick='return {&quot;max_num_pages&quot;:0,&quot;paginationBase&quot;:&quot;page&quot;,&quot;pagination&quot;:&quot;none&quot;,&quot;paged&quot;:1,&quot;ajaxData&quot;:{&quot;action&quot;:&quot;us_ajax_post_list&quot;,&quot;meta_type&quot;:&quot;post&quot;,&quot;object_id&quot;:0,&quot;template_vars&quot;:{&quot;paged&quot;:1,&quot;max_num_pages&quot;:0,&quot;no_results&quot;:false,&quot;us_post_content_design_css&quot;:[],&quot;found_posts&quot;:0,&quot;source&quot;:&quot;all&quot;,&quot;custom_field_name&quot;:&quot;&quot;,&quot;ids&quot;:&quot;&quot;,&quot;post_type&quot;:&quot;post&quot;,&quot;attachment_ids&quot;:null,&quot;include_post_thumbnail&quot;:0,&quot;post_author&quot;:&quot;any&quot;,&quot;post_author_ids&quot;:&quot;&quot;,&quot;apply_url_params&quot;:0,&quot;exclude_children&quot;:0,&quot;exclude_current_post&quot;:&quot;0&quot;,&quot;exclude_prev_posts&quot;:0,&quot;enable_items_offset&quot;:0,&quot;items_offset&quot;:&quot;1&quot;,&quot;tax_query_relation&quot;:&quot;none&quot;,&quot;tax_query&quot;:[{&quot;operator&quot;:&quot;IN&quot;,&quot;taxonomy&quot;:&quot;category&quot;,&quot;terms&quot;:&quot;&quot;,&quot;include_children&quot;:0}],&quot;meta_query_relation&quot;:&quot;OR&quot;,&quot;meta_query&quot;:&quot;%5B%7B%22key%22%3A%22datum%22%2C%22compare%22%3A%22%3E%3D%22%2C%22value%22%3A%22%7B%7Btoday%7D%7D%22%7D%2C%7B%22key%22%3A%22datum_bis%22%2C%22compare%22%3A%22%3E%3D%22%2C%22value%22%3A%22%7B%7Btoday%7D%7D%22%7D%2C%7B%22key%22%3A%22anzeigen%22%2C%22compare%22%3A%22EXISTS%22%2C%22value%22%3A%22true%22%7D%5D&quot;,&quot;orderby&quot;:&quot;datum&quot;,&quot;orderby_custom_field&quot;:&quot;&quot;,&quot;orderby_custom_type&quot;:0,&quot;order_invert&quot;:0,&quot;show_all&quot;:&quot;1&quot;,&quot;quantity&quot;:&quot;12&quot;,&quot;posts_per_archive_page&quot;:0,&quot;no_items_action&quot;:&quot;message&quot;,&quot;no_items_message&quot;:&quot;Aktuell liegen keine Mitteilungen oder Termine vor.&quot;,&quot;no_items_page_block&quot;:&quot;&quot;,&quot;pagination&quot;:&quot;none&quot;,&quot;pagination_style&quot;:&quot;&quot;,&quot;pagination_btn_text&quot;:&quot;Load More&quot;,&quot;pagination_btn_size&quot;:&quot;&quot;,&quot;pagination_btn_style&quot;:&quot;1&quot;,&quot;pagination_btn_fullwidth&quot;:0,&quot;items_layout&quot;:&quot;1063&quot;,&quot;type&quot;:&quot;grid&quot;,&quot;items_valign&quot;:0,&quot;ignore_items_size&quot;:0,&quot;columns&quot;:&quot;3&quot;,&quot;items_gap&quot;:&quot;1.5rem&quot;,&quot;load_animation&quot;:&quot;afb&quot;,&quot;items_preload_style&quot;:&quot;spinner&quot;,&quot;img_size&quot;:&quot;default&quot;,&quot;title_size&quot;:&quot;&quot;,&quot;items_ratio&quot;:&quot;default&quot;,&quot;items_ratio_width&quot;:&quot;21&quot;,&quot;items_ratio_height&quot;:&quot;9&quot;,&quot;overriding_link&quot;:&quot;%7B%22type%22%3A%22post%22%7D&quot;,&quot;popup_page_template&quot;:&quot;941&quot;,&quot;popup_width&quot;:&quot;60%&quot;,&quot;popup_arrows&quot;:1,&quot;breakpoint_1_width&quot;:&quot;1381px&quot;,&quot;breakpoint_1_cols&quot;:&quot;default&quot;,&quot;breakpoint_1_quantity&quot;:&quot;&quot;,&quot;breakpoint_1_gap&quot;:&quot;&quot;,&quot;breakpoint_2_width&quot;:&quot;1025px&quot;,&quot;breakpoint_2_cols&quot;:&quot;2&quot;,&quot;breakpoint_2_quantity&quot;:&quot;&quot;,&quot;breakpoint_2_gap&quot;:&quot;&quot;,&quot;breakpoint_3_width&quot;:&quot;601px&quot;,&quot;breakpoint_3_cols&quot;:&quot;1&quot;,&quot;breakpoint_3_quantity&quot;:&quot;&quot;,&quot;breakpoint_3_gap&quot;:&quot;1rem&quot;,&quot;conditions_operator&quot;:&quot;always&quot;,&quot;conditions&quot;:[],&quot;css&quot;:null,&quot;el_class&quot;:&quot;&quot;,&quot;el_id&quot;:&quot;&quot;,&quot;enable_custom_html_atts&quot;:0,&quot;custom_html_atts&quot;:null,&quot;hide_on_states&quot;:&quot;&quot;,&quot;hide_for_sticky&quot;:0,&quot;hide_for_not_sticky&quot;:0,&quot;hide_below&quot;:&quot;0px&quot;,&quot;hide_above&quot;:&quot;0px&quot;,&quot;classes&quot;:&quot;&quot;}},&quot;facetedFilter&quot;:[]}'><\/div><\/div><\/div><\/div><\/div><\/div><\/section>","protected":false},"excerpt":{"rendered":"Barbecue party overlooking the vineyards with Andreas from Schlosssee at the OFYR grill. A summer evening just as it should be. High up in the Radebeul vineyards, with a sweeping view of the Elbe Valley, a cool welcome drink in hand, and the scent of fire and fresh ingredients in the air. At the modern OFYR grill, Andreas from Schlosssee conjures up an exclusive...","protected":false},"author":1,"featured_media":0,"parent":0,"menu_order":0,"comment_status":"closed","ping_status":"closed","template":"","meta":{"_acf_changed":false,"footnotes":"","_links_to":"","_links_to_target":""},"class_list":["post-487","page","type-page","status-publish","hentry"],"acf":[],"yoast_head":"<!-- This site is optimized with the Yoast SEO plugin v26.4 - https:\/\/yoast.com\/wordpress\/plugins\/seo\/ -->\n<title>Events &#8211; Zum Pfeiffer<\/title>\n<meta name=\"description\" content=\"Ob f\u00fcr private Feiern, gesch\u00e4ftliche Veranstaltungenoder besondere Anl\u00e4sse \u2013 unser Veranstaltungsbereichbietet den idealen Rahmen f\u00fcr jede Art von Festlichkeit.\" \/>\n<meta name=\"robots\" content=\"index, follow, max-snippet:-1, max-image-preview:large, max-video-preview:-1\" \/>\n<link rel=\"canonical\" href=\"https:\/\/zum-pfeiffer.de\/en\/events\/\" \/>\n<meta property=\"og:locale\" content=\"en_US\" \/>\n<meta property=\"og:type\" content=\"article\" \/>\n<meta property=\"og:title\" content=\"Events &#8211; Zum Pfeiffer\" \/>\n<meta property=\"og:description\" content=\"Ob f\u00fcr private Feiern, gesch\u00e4ftliche Veranstaltungenoder besondere Anl\u00e4sse \u2013 unser Veranstaltungsbereichbietet den idealen Rahmen f\u00fcr jede Art von Festlichkeit.\" \/>\n<meta property=\"og:url\" content=\"https:\/\/zum-pfeiffer.de\/en\/events\/\" \/>\n<meta property=\"og:site_name\" content=\"Zum Pfeiffer\" \/>\n<meta property=\"article:modified_time\" content=\"2025-11-27T16:32:52+00:00\" \/>\n<meta property=\"og:image\" content=\"https:\/\/zum-pfeiffer.de\/wp-content\/uploads\/2024\/02\/Logo-gross-e1707832253617.png\" \/>\n\t<meta property=\"og:image:width\" content=\"979\" \/>\n\t<meta property=\"og:image:height\" content=\"553\" \/>\n\t<meta property=\"og:image:type\" content=\"image\/png\" \/>\n<meta name=\"twitter:card\" content=\"summary_large_image\" \/>\n<meta name=\"twitter:label1\" content=\"Est. reading time\" \/>\n\t<meta name=\"twitter:data1\" content=\"1 minute\" \/>\n<script type=\"application\/ld+json\" class=\"yoast-schema-graph\">{\"@context\":\"https:\/\/schema.org\",\"@graph\":[{\"@type\":\"WebPage\",\"@id\":\"https:\/\/zum-pfeiffer.de\/events\/\",\"url\":\"https:\/\/zum-pfeiffer.de\/events\/\",\"name\":\"Events &#8211; Zum Pfeiffer\",\"isPartOf\":{\"@id\":\"https:\/\/zum-pfeiffer.de\/#website\"},\"datePublished\":\"2024-02-07T20:43:13+00:00\",\"dateModified\":\"2025-11-27T16:32:52+00:00\",\"description\":\"Ob f\u00fcr private Feiern, gesch\u00e4ftliche Veranstaltungenoder besondere Anl\u00e4sse \u2013 unser Veranstaltungsbereichbietet den idealen Rahmen f\u00fcr jede Art von Festlichkeit.\",\"breadcrumb\":{\"@id\":\"https:\/\/zum-pfeiffer.de\/events\/#breadcrumb\"},\"inLanguage\":\"en-US\",\"potentialAction\":[{\"@type\":\"ReadAction\",\"target\":[\"https:\/\/zum-pfeiffer.de\/events\/\"]}]},{\"@type\":\"BreadcrumbList\",\"@id\":\"https:\/\/zum-pfeiffer.de\/events\/#breadcrumb\",\"itemListElement\":[{\"@type\":\"ListItem\",\"position\":1,\"name\":\"Startseite\",\"item\":\"https:\/\/zum-pfeiffer.de\/\"},{\"@type\":\"ListItem\",\"position\":2,\"name\":\"Events\"}]},{\"@type\":\"WebSite\",\"@id\":\"https:\/\/zum-pfeiffer.de\/#website\",\"url\":\"https:\/\/zum-pfeiffer.de\/\",\"name\":\"Hotel & Restaurant Zum Pfeiffer\",\"description\":\"HOTEL &amp; RESTAURANT\",\"potentialAction\":[{\"@type\":\"SearchAction\",\"target\":{\"@type\":\"EntryPoint\",\"urlTemplate\":\"https:\/\/zum-pfeiffer.de\/?s={search_term_string}\"},\"query-input\":{\"@type\":\"PropertyValueSpecification\",\"valueRequired\":true,\"valueName\":\"search_term_string\"}}],\"inLanguage\":\"en-US\"}]}<\/script>\n<!-- \/ Yoast SEO plugin. -->","yoast_head_json":{"title":"Events \u2013 Zum Pfeiffer","description":"Whether for private celebrations, business events or special occasions \u2013 our event area offers the ideal setting for any kind of festivity.","robots":{"index":"index","follow":"follow","max-snippet":"max-snippet:-1","max-image-preview":"max-image-preview:large","max-video-preview":"max-video-preview:-1"},"canonical":"https:\/\/zum-pfeiffer.de\/en\/events\/","og_locale":"en_US","og_type":"article","og_title":"Events &#8211; Zum Pfeiffer","og_description":"Ob f\u00fcr private Feiern, gesch\u00e4ftliche Veranstaltungenoder besondere Anl\u00e4sse \u2013 unser Veranstaltungsbereichbietet den idealen Rahmen f\u00fcr jede Art von Festlichkeit.","og_url":"https:\/\/zum-pfeiffer.de\/en\/events\/","og_site_name":"Zum Pfeiffer","article_modified_time":"2025-11-27T16:32:52+00:00","og_image":[{"width":979,"height":553,"url":"https:\/\/zum-pfeiffer.de\/wp-content\/uploads\/2024\/02\/Logo-gross-e1707832253617.png","type":"image\/png"}],"twitter_card":"summary_large_image","twitter_misc":{"Est. reading time":"1 minute"},"schema":{"@context":"https:\/\/schema.org","@graph":[{"@type":"WebPage","@id":"https:\/\/zum-pfeiffer.de\/events\/","url":"https:\/\/zum-pfeiffer.de\/events\/","name":"Events \u2013 Zum Pfeiffer","isPartOf":{"@id":"https:\/\/zum-pfeiffer.de\/#website"},"datePublished":"2024-02-07T20:43:13+00:00","dateModified":"2025-11-27T16:32:52+00:00","description":"Whether for private celebrations, business events or special occasions \u2013 our event area offers the ideal setting for any kind of festivity.","breadcrumb":{"@id":"https:\/\/zum-pfeiffer.de\/events\/#breadcrumb"},"inLanguage":"en-US","potentialAction":[{"@type":"ReadAction","target":["https:\/\/zum-pfeiffer.de\/events\/"]}]},{"@type":"BreadcrumbList","@id":"https:\/\/zum-pfeiffer.de\/events\/#breadcrumb","itemListElement":[{"@type":"ListItem","position":1,"name":"Startseite","item":"https:\/\/zum-pfeiffer.de\/"},{"@type":"ListItem","position":2,"name":"Events"}]},{"@type":"WebSite","@id":"https:\/\/zum-pfeiffer.de\/#website","url":"https:\/\/zum-pfeiffer.de\/","name":"Hotel &amp; Restaurant Zum Pfeiffer","description":"HOTEL &amp; RESTAURANT","potentialAction":[{"@type":"SearchAction","target":{"@type":"EntryPoint","urlTemplate":"https:\/\/zum-pfeiffer.de\/?s={search_term_string}"},"query-input":{"@type":"PropertyValueSpecification","valueRequired":true,"valueName":"search_term_string"}}],"inLanguage":"en-US"}]}},"_links":{"self":[{"href":"https:\/\/zum-pfeiffer.de\/en\/wp-json\/wp\/v2\/pages\/487","targetHints":{"allow":["GET"]}}],"collection":[{"href":"https:\/\/zum-pfeiffer.de\/en\/wp-json\/wp\/v2\/pages"}],"about":[{"href":"https:\/\/zum-pfeiffer.de\/en\/wp-json\/wp\/v2\/types\/page"}],"author":[{"embeddable":true,"href":"https:\/\/zum-pfeiffer.de\/en\/wp-json\/wp\/v2\/users\/1"}],"replies":[{"embeddable":true,"href":"https:\/\/zum-pfeiffer.de\/en\/wp-json\/wp\/v2\/comments?post=487"}],"version-history":[{"count":34,"href":"https:\/\/zum-pfeiffer.de\/en\/wp-json\/wp\/v2\/pages\/487\/revisions"}],"predecessor-version":[{"id":1095,"href":"https:\/\/zum-pfeiffer.de\/en\/wp-json\/wp\/v2\/pages\/487\/revisions\/1095"}],"wp:attachment":[{"href":"https:\/\/zum-pfeiffer.de\/en\/wp-json\/wp\/v2\/media?parent=487"}],"curies":[{"name":"wp","href":"https:\/\/api.w.org\/{rel}","templated":true}]}}